{"id":5303,"date":"2025-04-30T11:52:08","date_gmt":"2025-04-30T11:52:08","guid":{"rendered":"https:\/\/casadolivreiro.pt\/?post_type=product&#038;p=5303"},"modified":"2025-04-30T11:52:08","modified_gmt":"2025-04-30T11:52:08","slug":"a-vida-tem-objectivo","status":"publish","type":"product","link":"https:\/\/casadolivreiro.pt\/index.php\/product\/a-vida-tem-objectivo\/","title":{"rendered":"A VIDA TEM OBJECTIVO"},"content":{"rendered":"<p>A VIDA TEM OBJECTIVO<\/p>\n<p>Ano de edi\u00e7\u00e3o: 1977<\/p>\n<p>Editor:\u00a0 Watchtower Bible and Tract Society of New York, Inc<\/p>\n<p>Idioma: Portugu\u00eas<\/p>\n<p>Dimens\u00f5es: 10.8 x 1.3 x 16<\/p>\n<p>Encaderna\u00e7\u00e3o: capa dura<\/p>\n<p>P\u00e1ginas: 191<\/p>\n","protected":false},"excerpt":{"rendered":"<p>A VIDA TEM OBJECTIVO Ano de edi\u00e7\u00e3o: 1977 Editor:\u00a0 Watchtower Bible and Tract Society of New York, Inc Idioma: Portugu\u00eas Dimens\u00f5es: 10.8 x 1.3 x 16 Encaderna\u00e7\u00e3o: capa dura P\u00e1ginas: 191<\/p>\n","protected":false},"featured_media":5304,"comment_status":"open","ping_status":"closed","template":"","meta":{"om_disable_all_campaigns":false,"_monsterinsights_skip_tracking":false,"_monsterinsights_sitenote_active":false,"_monsterinsights_sitenote_note":"","_monsterinsights_sitenote_category":0,"_uf_show_specific_survey":0,"_uf_disable_surveys":false},"product_cat":[33],"product_tag":[],"aioseo_notices":[],"jetpack_sharing_enabled":true,"_links":{"self":[{"href":"https:\/\/casadolivreiro.pt\/index.php\/wp-json\/wp\/v2\/product\/5303"}],"collection":[{"href":"https:\/\/casadolivreiro.pt\/index.php\/wp-json\/wp\/v2\/product"}],"about":[{"href":"https:\/\/casadolivreiro.pt\/index.php\/wp-json\/wp\/v2\/types\/product"}],"replies":[{"embeddable":true,"href":"https:\/\/casadolivreiro.pt\/index.php\/wp-json\/wp\/v2\/comments?post=5303"}],"wp:featuredmedia":[{"embeddable":true,"href":"https:\/\/casadolivreiro.pt\/index.php\/wp-json\/wp\/v2\/media\/5304"}],"wp:attachment":[{"href":"https:\/\/casadolivreiro.pt\/index.php\/wp-json\/wp\/v2\/media?parent=5303"}],"wp:term":[{"taxonomy":"product_cat","embeddable":true,"href":"https:\/\/casadolivreiro.pt\/index.php\/wp-json\/wp\/v2\/product_cat?post=5303"},{"taxonomy":"product_tag","embeddable":true,"href":"https:\/\/casadolivreiro.pt\/index.php\/wp-json\/wp\/v2\/product_tag?post=5303"}],"curies":[{"name":"wp","href":"https:\/\/api.w.org\/{rel}","templated":true}]}}