{"id":5301,"date":"2025-04-30T11:47:09","date_gmt":"2025-04-30T11:47:09","guid":{"rendered":"https:\/\/casadolivreiro.pt\/?post_type=product&#038;p=5301"},"modified":"2025-04-30T11:47:09","modified_gmt":"2025-04-30T11:47:09","slug":"superstruturas-arranha-ceus-e-torres-chris-oxlade","status":"publish","type":"product","link":"https:\/\/casadolivreiro.pt\/index.php\/product\/superstruturas-arranha-ceus-e-torres-chris-oxlade\/","title":{"rendered":"SUPERSTRUTURAS: ARRANHA-C\u00c9US E TORRES \u2013 Chris Oxlade"},"content":{"rendered":"<p>SUPERSTRUTURAS: ARRANHA-C\u00c9US E TORRES \u2013 Chris Oxlade<\/p>\n<p>Ano de edi\u00e7\u00e3o: 1996<\/p>\n<p>Editor:\u00a0 Edinter \u2013 Edi\u00e7\u00f5es Internacionais Lda.<\/p>\n<p>Idioma: Portugu\u00eas<\/p>\n<p>Dimens\u00f5es: 22 x 0.8 x 29<\/p>\n<p>Encaderna\u00e7\u00e3o: capa dura<\/p>\n<p>P\u00e1ginas: 48<\/p>\n","protected":false},"excerpt":{"rendered":"<p>SUPERSTRUTURAS: ARRANHA-C\u00c9US E TORRES \u2013 Chris Oxlade Ano de edi\u00e7\u00e3o: 1996 Editor:\u00a0 Edinter \u2013 Edi\u00e7\u00f5es Internacionais Lda. Idioma: Portugu\u00eas Dimens\u00f5es: 22 x 0.8 x 29 Encaderna\u00e7\u00e3o: capa dura P\u00e1ginas: 48<\/p>\n","protected":false},"featured_media":5302,"comment_status":"open","ping_status":"closed","template":"","meta":{"om_disable_all_campaigns":false,"_monsterinsights_skip_tracking":false,"_monsterinsights_sitenote_active":false,"_monsterinsights_sitenote_note":"","_monsterinsights_sitenote_category":0,"_uf_show_specific_survey":0,"_uf_disable_surveys":false},"product_cat":[34],"product_tag":[],"aioseo_notices":[],"jetpack_sharing_enabled":true,"_links":{"self":[{"href":"https:\/\/casadolivreiro.pt\/index.php\/wp-json\/wp\/v2\/product\/5301"}],"collection":[{"href":"https:\/\/casadolivreiro.pt\/index.php\/wp-json\/wp\/v2\/product"}],"about":[{"href":"https:\/\/casadolivreiro.pt\/index.php\/wp-json\/wp\/v2\/types\/product"}],"replies":[{"embeddable":true,"href":"https:\/\/casadolivreiro.pt\/index.php\/wp-json\/wp\/v2\/comments?post=5301"}],"wp:featuredmedia":[{"embeddable":true,"href":"https:\/\/casadolivreiro.pt\/index.php\/wp-json\/wp\/v2\/media\/5302"}],"wp:attachment":[{"href":"https:\/\/casadolivreiro.pt\/index.php\/wp-json\/wp\/v2\/media?parent=5301"}],"wp:term":[{"taxonomy":"product_cat","embeddable":true,"href":"https:\/\/casadolivreiro.pt\/index.php\/wp-json\/wp\/v2\/product_cat?post=5301"},{"taxonomy":"product_tag","embeddable":true,"href":"https:\/\/casadolivreiro.pt\/index.php\/wp-json\/wp\/v2\/product_tag?post=5301"}],"curies":[{"name":"wp","href":"https:\/\/api.w.org\/{rel}","templated":true}]}}