{"id":5297,"date":"2025-04-30T11:36:28","date_gmt":"2025-04-30T11:36:28","guid":{"rendered":"https:\/\/casadolivreiro.pt\/?post_type=product&#038;p=5297"},"modified":"2025-04-30T11:36:29","modified_gmt":"2025-04-30T11:36:29","slug":"factos-importantes-da-historia-a-revolucao-francesa","status":"publish","type":"product","link":"https:\/\/casadolivreiro.pt\/index.php\/product\/factos-importantes-da-historia-a-revolucao-francesa\/","title":{"rendered":"FACTOS IMPORTANTES DA HIST\u00d3RIA: A REVOLU\u00c7\u00c3O FRANCESA"},"content":{"rendered":"<p>FACTOS IMPORTANTES DA HIST\u00d3RIA: A REVOLU\u00c7\u00c3O FRANCESA<\/p>\n<p>Tradu\u00e7\u00e3o: Rui Rocha<\/p>\n<p>Ano de edi\u00e7\u00e3o: 1990<\/p>\n<p>Editor:\u00a0 Edinter \u2013 Edi\u00e7\u00f5es Internacionais Lda.<\/p>\n<p>Idioma: Portugu\u00eas<\/p>\n<p>Dimens\u00f5es: 22 x 0.8 x 29<\/p>\n<p>Encaderna\u00e7\u00e3o: capa dura<\/p>\n<p>P\u00e1ginas: 32<\/p>\n","protected":false},"excerpt":{"rendered":"<p>FACTOS IMPORTANTES DA HIST\u00d3RIA: A REVOLU\u00c7\u00c3O FRANCESA Tradu\u00e7\u00e3o: Rui Rocha Ano de edi\u00e7\u00e3o: 1990 Editor:\u00a0 Edinter \u2013 Edi\u00e7\u00f5es Internacionais Lda. Idioma: Portugu\u00eas Dimens\u00f5es: 22 x 0.8 x 29 Encaderna\u00e7\u00e3o: capa dura P\u00e1ginas: 32<\/p>\n","protected":false},"featured_media":5298,"comment_status":"open","ping_status":"closed","template":"","meta":{"om_disable_all_campaigns":false,"_monsterinsights_skip_tracking":false,"_monsterinsights_sitenote_active":false,"_monsterinsights_sitenote_note":"","_monsterinsights_sitenote_category":0,"_uf_show_specific_survey":0,"_uf_disable_surveys":false},"product_cat":[30,34],"product_tag":[],"aioseo_notices":[],"jetpack_sharing_enabled":true,"_links":{"self":[{"href":"https:\/\/casadolivreiro.pt\/index.php\/wp-json\/wp\/v2\/product\/5297"}],"collection":[{"href":"https:\/\/casadolivreiro.pt\/index.php\/wp-json\/wp\/v2\/product"}],"about":[{"href":"https:\/\/casadolivreiro.pt\/index.php\/wp-json\/wp\/v2\/types\/product"}],"replies":[{"embeddable":true,"href":"https:\/\/casadolivreiro.pt\/index.php\/wp-json\/wp\/v2\/comments?post=5297"}],"wp:featuredmedia":[{"embeddable":true,"href":"https:\/\/casadolivreiro.pt\/index.php\/wp-json\/wp\/v2\/media\/5298"}],"wp:attachment":[{"href":"https:\/\/casadolivreiro.pt\/index.php\/wp-json\/wp\/v2\/media?parent=5297"}],"wp:term":[{"taxonomy":"product_cat","embeddable":true,"href":"https:\/\/casadolivreiro.pt\/index.php\/wp-json\/wp\/v2\/product_cat?post=5297"},{"taxonomy":"product_tag","embeddable":true,"href":"https:\/\/casadolivreiro.pt\/index.php\/wp-json\/wp\/v2\/product_tag?post=5297"}],"curies":[{"name":"wp","href":"https:\/\/api.w.org\/{rel}","templated":true}]}}