{"id":5290,"date":"2025-04-29T17:58:40","date_gmt":"2025-04-29T17:58:40","guid":{"rendered":"https:\/\/casadolivreiro.pt\/?post_type=product&#038;p=5290"},"modified":"2025-04-29T17:58:40","modified_gmt":"2025-04-29T17:58:40","slug":"historias-de-horror-a-culpa-a-historia-do-crime-e-do-castigo","status":"publish","type":"product","link":"https:\/\/casadolivreiro.pt\/index.php\/product\/historias-de-horror-a-culpa-a-historia-do-crime-e-do-castigo\/","title":{"rendered":"HIST\u00d3RIAS DE HORROR: A CULPA, A Hist\u00f3ria do Crime e do Castigo"},"content":{"rendered":"<p>HIST\u00d3RIAS DE HORROR: A CULPA, A Hist\u00f3ria do Crime e do Castigo<\/p>\n<p>Ano de edi\u00e7\u00e3o: 1995<\/p>\n<p>Editor:\u00a0\u00a0 Edinter \u2013 Edi\u00e7\u00f5es Internacionais<\/p>\n<p>Idioma: Portugu\u00eas<\/p>\n<p>Dimens\u00f5es: 20 x 0.8 x 26<\/p>\n<p>Encaderna\u00e7\u00e3o: capa dura<\/p>\n<p>P\u00e1ginas: 32<\/p>\n","protected":false},"excerpt":{"rendered":"<p>HIST\u00d3RIAS DE HORROR: A CULPA, A Hist\u00f3ria do Crime e do Castigo Ano de edi\u00e7\u00e3o: 1995 Editor:\u00a0\u00a0 Edinter \u2013 Edi\u00e7\u00f5es Internacionais Idioma: Portugu\u00eas Dimens\u00f5es: 20 x 0.8 x 26 Encaderna\u00e7\u00e3o: capa dura P\u00e1ginas: 32<\/p>\n","protected":false},"featured_media":5291,"comment_status":"open","ping_status":"closed","template":"","meta":{"om_disable_all_campaigns":false,"_monsterinsights_skip_tracking":false,"_monsterinsights_sitenote_active":false,"_monsterinsights_sitenote_note":"","_monsterinsights_sitenote_category":0,"_uf_show_specific_survey":0,"_uf_disable_surveys":false},"product_cat":[34],"product_tag":[],"aioseo_notices":[],"jetpack_sharing_enabled":true,"_links":{"self":[{"href":"https:\/\/casadolivreiro.pt\/index.php\/wp-json\/wp\/v2\/product\/5290"}],"collection":[{"href":"https:\/\/casadolivreiro.pt\/index.php\/wp-json\/wp\/v2\/product"}],"about":[{"href":"https:\/\/casadolivreiro.pt\/index.php\/wp-json\/wp\/v2\/types\/product"}],"replies":[{"embeddable":true,"href":"https:\/\/casadolivreiro.pt\/index.php\/wp-json\/wp\/v2\/comments?post=5290"}],"wp:featuredmedia":[{"embeddable":true,"href":"https:\/\/casadolivreiro.pt\/index.php\/wp-json\/wp\/v2\/media\/5291"}],"wp:attachment":[{"href":"https:\/\/casadolivreiro.pt\/index.php\/wp-json\/wp\/v2\/media?parent=5290"}],"wp:term":[{"taxonomy":"product_cat","embeddable":true,"href":"https:\/\/casadolivreiro.pt\/index.php\/wp-json\/wp\/v2\/product_cat?post=5290"},{"taxonomy":"product_tag","embeddable":true,"href":"https:\/\/casadolivreiro.pt\/index.php\/wp-json\/wp\/v2\/product_tag?post=5290"}],"curies":[{"name":"wp","href":"https:\/\/api.w.org\/{rel}","templated":true}]}}