{"id":529,"date":"2024-03-14T13:56:48","date_gmt":"2024-03-14T13:56:48","guid":{"rendered":"https:\/\/casadolivreiro.pt\/?post_type=product&#038;p=529"},"modified":"2024-03-14T15:51:50","modified_gmt":"2024-03-14T15:51:50","slug":"historia-das-literaturas-universais-volume-iv-direccao-de-wolfgang-einsiedel","status":"publish","type":"product","link":"https:\/\/casadolivreiro.pt\/index.php\/product\/historia-das-literaturas-universais-volume-iv-direccao-de-wolfgang-einsiedel\/","title":{"rendered":"HIST\u00d3RIA DAS LITERATURAS UNIVERSAIS, Volume IV &#8211; Direc\u00e7\u00e3o de Wolfgang Einsiedel"},"content":{"rendered":"<p>HIST\u00d3RIA DAS LITERATURAS UNIVERSAIS, Volume IV<br \/>\nDirec\u00e7\u00e3o de Wolfgang Einsiedel<br \/>\nAno de edi\u00e7\u00e3o: 1974<br \/>\nEditor: Editorial Estampa Lda, Lisboa<br \/>\nIdioma: Portugu\u00eas<br \/>\nDimens\u00f5es: 13 x 1.5 x 18.5 cm<br \/>\nEncaderna\u00e7\u00e3o: Capa mole<br \/>\nP\u00e1ginas: 242<\/p>\n","protected":false},"excerpt":{"rendered":"<p>HIST\u00d3RIA DAS LITERATURAS UNIVERSAIS, Volume IV Direc\u00e7\u00e3o de Wolfgang Einsiedel Ano de edi\u00e7\u00e3o: 1974 Editor: Editorial Estampa Lda, Lisboa Idioma: Portugu\u00eas Dimens\u00f5es: 13 x 1.5 x 18.5 cm Encaderna\u00e7\u00e3o: Capa mole P\u00e1ginas: 242<\/p>\n","protected":false},"featured_media":558,"comment_status":"open","ping_status":"closed","template":"","meta":{"om_disable_all_campaigns":false,"_monsterinsights_skip_tracking":false,"_monsterinsights_sitenote_active":false,"_monsterinsights_sitenote_note":"","_monsterinsights_sitenote_category":0,"_uf_show_specific_survey":0,"_uf_disable_surveys":false},"product_cat":[47,30],"product_tag":[],"aioseo_notices":[],"jetpack_sharing_enabled":true,"_links":{"self":[{"href":"https:\/\/casadolivreiro.pt\/index.php\/wp-json\/wp\/v2\/product\/529"}],"collection":[{"href":"https:\/\/casadolivreiro.pt\/index.php\/wp-json\/wp\/v2\/product"}],"about":[{"href":"https:\/\/casadolivreiro.pt\/index.php\/wp-json\/wp\/v2\/types\/product"}],"replies":[{"embeddable":true,"href":"https:\/\/casadolivreiro.pt\/index.php\/wp-json\/wp\/v2\/comments?post=529"}],"wp:featuredmedia":[{"embeddable":true,"href":"https:\/\/casadolivreiro.pt\/index.php\/wp-json\/wp\/v2\/media\/558"}],"wp:attachment":[{"href":"https:\/\/casadolivreiro.pt\/index.php\/wp-json\/wp\/v2\/media?parent=529"}],"wp:term":[{"taxonomy":"product_cat","embeddable":true,"href":"https:\/\/casadolivreiro.pt\/index.php\/wp-json\/wp\/v2\/product_cat?post=529"},{"taxonomy":"product_tag","embeddable":true,"href":"https:\/\/casadolivreiro.pt\/index.php\/wp-json\/wp\/v2\/product_tag?post=529"}],"curies":[{"name":"wp","href":"https:\/\/api.w.org\/{rel}","templated":true}]}}