{"id":5288,"date":"2025-04-29T17:56:36","date_gmt":"2025-04-29T17:56:36","guid":{"rendered":"https:\/\/casadolivreiro.pt\/?post_type=product&#038;p=5288"},"modified":"2025-04-29T17:56:36","modified_gmt":"2025-04-29T17:56:36","slug":"o-valor-do-amor-a-historia-de-johnny-appleseed-ann-donegan-johnson","status":"publish","type":"product","link":"https:\/\/casadolivreiro.pt\/index.php\/product\/o-valor-do-amor-a-historia-de-johnny-appleseed-ann-donegan-johnson\/","title":{"rendered":"O VALOR DO AMOR: A HIST\u00d3RIA DE JOHNNY APPLESEED \u2013 Ann Donegan Johnson"},"content":{"rendered":"<p>O VALOR DO AMOR: A HIST\u00d3RIA DE JOHNNY APPLESEED \u2013 Ann Donegan Johnson<\/p>\n<p>Tradu\u00e7\u00e3o de Jos\u00e9 Reis<\/p>\n<p>Ano de edi\u00e7\u00e3o: 1990<\/p>\n<p>Editor:\u00a0\u00a0 Resomnia Editores<\/p>\n<p>Idioma: Portugu\u00eas<\/p>\n<p>Dimens\u00f5es: 20 x 1.4 x 26<\/p>\n<p>Encaderna\u00e7\u00e3o: capa dura<\/p>\n<p>P\u00e1ginas: 63<\/p>\n","protected":false},"excerpt":{"rendered":"<p>O VALOR DO AMOR: A HIST\u00d3RIA DE JOHNNY APPLESEED \u2013 Ann Donegan Johnson Tradu\u00e7\u00e3o de Jos\u00e9 Reis Ano de edi\u00e7\u00e3o: 1990 Editor:\u00a0\u00a0 Resomnia Editores Idioma: Portugu\u00eas Dimens\u00f5es: 20 x 1.4 x 26 Encaderna\u00e7\u00e3o: capa dura P\u00e1ginas: 63<\/p>\n","protected":false},"featured_media":5289,"comment_status":"open","ping_status":"closed","template":"","meta":{"om_disable_all_campaigns":false,"_monsterinsights_skip_tracking":false,"_monsterinsights_sitenote_active":false,"_monsterinsights_sitenote_note":"","_monsterinsights_sitenote_category":0,"_uf_show_specific_survey":0,"_uf_disable_surveys":false},"product_cat":[34],"product_tag":[],"aioseo_notices":[],"jetpack_sharing_enabled":true,"_links":{"self":[{"href":"https:\/\/casadolivreiro.pt\/index.php\/wp-json\/wp\/v2\/product\/5288"}],"collection":[{"href":"https:\/\/casadolivreiro.pt\/index.php\/wp-json\/wp\/v2\/product"}],"about":[{"href":"https:\/\/casadolivreiro.pt\/index.php\/wp-json\/wp\/v2\/types\/product"}],"replies":[{"embeddable":true,"href":"https:\/\/casadolivreiro.pt\/index.php\/wp-json\/wp\/v2\/comments?post=5288"}],"wp:featuredmedia":[{"embeddable":true,"href":"https:\/\/casadolivreiro.pt\/index.php\/wp-json\/wp\/v2\/media\/5289"}],"wp:attachment":[{"href":"https:\/\/casadolivreiro.pt\/index.php\/wp-json\/wp\/v2\/media?parent=5288"}],"wp:term":[{"taxonomy":"product_cat","embeddable":true,"href":"https:\/\/casadolivreiro.pt\/index.php\/wp-json\/wp\/v2\/product_cat?post=5288"},{"taxonomy":"product_tag","embeddable":true,"href":"https:\/\/casadolivreiro.pt\/index.php\/wp-json\/wp\/v2\/product_tag?post=5288"}],"curies":[{"name":"wp","href":"https:\/\/api.w.org\/{rel}","templated":true}]}}