{"id":5280,"date":"2025-04-29T17:29:35","date_gmt":"2025-04-29T17:29:35","guid":{"rendered":"https:\/\/casadolivreiro.pt\/?post_type=product&#038;p=5280"},"modified":"2025-04-29T17:29:35","modified_gmt":"2025-04-29T17:29:35","slug":"branca-de-neve-e-os-sete-aoes-versao-portuguesa-de-ricardo-alberty","status":"publish","type":"product","link":"https:\/\/casadolivreiro.pt\/index.php\/product\/branca-de-neve-e-os-sete-aoes-versao-portuguesa-de-ricardo-alberty\/","title":{"rendered":"BRANCA DE NEVE E OS SETE A\u00d5ES \u2013 Vers\u00e3o portuguesa de Ricardo Alberty"},"content":{"rendered":"<p>BRANCA DE NEVE E OS SETE A\u00d5ES \u2013 Vers\u00e3o portuguesa de Ricardo Alberty<\/p>\n<p>Colec\u00e7\u00e3o O Mundo Maravilhoso de Walt Disney<\/p>\n<p>Ano de edi\u00e7\u00e3o: 1985<\/p>\n<p>Editor:\u00a0\u00a0 Difus\u00e3o Verbo<\/p>\n<p>Idioma: Portugu\u00eas<\/p>\n<p>Dimens\u00f5es: 19 x 1 x 26.5<\/p>\n<p>Encaderna\u00e7\u00e3o: capa dura<\/p>\n<p>P\u00e1ginas: 63<\/p>\n","protected":false},"excerpt":{"rendered":"<p>BRANCA DE NEVE E OS SETE A\u00d5ES \u2013 Vers\u00e3o portuguesa de Ricardo Alberty Colec\u00e7\u00e3o O Mundo Maravilhoso de Walt Disney Ano de edi\u00e7\u00e3o: 1985 Editor:\u00a0\u00a0 Difus\u00e3o Verbo Idioma: Portugu\u00eas Dimens\u00f5es: 19 x 1 x 26.5 Encaderna\u00e7\u00e3o: capa dura P\u00e1ginas: 63<\/p>\n","protected":false},"featured_media":5281,"comment_status":"open","ping_status":"closed","template":"","meta":{"om_disable_all_campaigns":false,"_monsterinsights_skip_tracking":false,"_monsterinsights_sitenote_active":false,"_monsterinsights_sitenote_note":"","_monsterinsights_sitenote_category":0,"_uf_show_specific_survey":0,"_uf_disable_surveys":false},"product_cat":[34],"product_tag":[],"aioseo_notices":[],"jetpack_sharing_enabled":true,"_links":{"self":[{"href":"https:\/\/casadolivreiro.pt\/index.php\/wp-json\/wp\/v2\/product\/5280"}],"collection":[{"href":"https:\/\/casadolivreiro.pt\/index.php\/wp-json\/wp\/v2\/product"}],"about":[{"href":"https:\/\/casadolivreiro.pt\/index.php\/wp-json\/wp\/v2\/types\/product"}],"replies":[{"embeddable":true,"href":"https:\/\/casadolivreiro.pt\/index.php\/wp-json\/wp\/v2\/comments?post=5280"}],"wp:featuredmedia":[{"embeddable":true,"href":"https:\/\/casadolivreiro.pt\/index.php\/wp-json\/wp\/v2\/media\/5281"}],"wp:attachment":[{"href":"https:\/\/casadolivreiro.pt\/index.php\/wp-json\/wp\/v2\/media?parent=5280"}],"wp:term":[{"taxonomy":"product_cat","embeddable":true,"href":"https:\/\/casadolivreiro.pt\/index.php\/wp-json\/wp\/v2\/product_cat?post=5280"},{"taxonomy":"product_tag","embeddable":true,"href":"https:\/\/casadolivreiro.pt\/index.php\/wp-json\/wp\/v2\/product_tag?post=5280"}],"curies":[{"name":"wp","href":"https:\/\/api.w.org\/{rel}","templated":true}]}}