{"id":5278,"date":"2025-04-29T17:19:49","date_gmt":"2025-04-29T17:19:49","guid":{"rendered":"https:\/\/casadolivreiro.pt\/?post_type=product&#038;p=5278"},"modified":"2025-04-29T17:19:49","modified_gmt":"2025-04-29T17:19:49","slug":"auto-da-barca-do-inferno-gil-vicente-rosa-lobato-de-faria","status":"publish","type":"product","link":"https:\/\/casadolivreiro.pt\/index.php\/product\/auto-da-barca-do-inferno-gil-vicente-rosa-lobato-de-faria\/","title":{"rendered":"AUTO DA BARCA DO INFERNO \u2013 Gil Vicente \/ Rosa Lobato de Faria"},"content":{"rendered":"<p>AUTO DA BARCA DO INFERNO \u2013 Gil Vicente \/ Rosa Lobato de Faria<\/p>\n<p>Colec\u00e7\u00e3o de Cl\u00e1ssicos da Literatura Portuguesa contados \u00e0s crian\u00e7as #2<\/p>\n<p>Ano de edi\u00e7\u00e3o: 2008. 1.\u00aa edi\u00e7\u00e3o<\/p>\n<p>Editor:\u00a0\u00a0 Quasi Edi\u00e7\u00f5es<\/p>\n<p>Idioma: Portugu\u00eas<\/p>\n<p>Dimens\u00f5es: 24.5 x 0.7 x 22.7<\/p>\n<p>Encaderna\u00e7\u00e3o: capa dura<\/p>\n<p>P\u00e1ginas: 32<\/p>\n","protected":false},"excerpt":{"rendered":"<p>AUTO DA BARCA DO INFERNO \u2013 Gil Vicente \/ Rosa Lobato de Faria Colec\u00e7\u00e3o de Cl\u00e1ssicos da Literatura Portuguesa contados \u00e0s crian\u00e7as #2 Ano de edi\u00e7\u00e3o: 2008. 1.\u00aa edi\u00e7\u00e3o Editor:\u00a0\u00a0 Quasi Edi\u00e7\u00f5es Idioma: Portugu\u00eas Dimens\u00f5es: 24.5 x 0.7 x 22.7 Encaderna\u00e7\u00e3o: capa dura P\u00e1ginas: 32<\/p>\n","protected":false},"featured_media":5279,"comment_status":"open","ping_status":"closed","template":"","meta":{"om_disable_all_campaigns":false,"_monsterinsights_skip_tracking":false,"_monsterinsights_sitenote_active":false,"_monsterinsights_sitenote_note":"","_monsterinsights_sitenote_category":0,"_uf_show_specific_survey":0,"_uf_disable_surveys":false},"product_cat":[34],"product_tag":[],"aioseo_notices":[],"jetpack_sharing_enabled":true,"_links":{"self":[{"href":"https:\/\/casadolivreiro.pt\/index.php\/wp-json\/wp\/v2\/product\/5278"}],"collection":[{"href":"https:\/\/casadolivreiro.pt\/index.php\/wp-json\/wp\/v2\/product"}],"about":[{"href":"https:\/\/casadolivreiro.pt\/index.php\/wp-json\/wp\/v2\/types\/product"}],"replies":[{"embeddable":true,"href":"https:\/\/casadolivreiro.pt\/index.php\/wp-json\/wp\/v2\/comments?post=5278"}],"wp:featuredmedia":[{"embeddable":true,"href":"https:\/\/casadolivreiro.pt\/index.php\/wp-json\/wp\/v2\/media\/5279"}],"wp:attachment":[{"href":"https:\/\/casadolivreiro.pt\/index.php\/wp-json\/wp\/v2\/media?parent=5278"}],"wp:term":[{"taxonomy":"product_cat","embeddable":true,"href":"https:\/\/casadolivreiro.pt\/index.php\/wp-json\/wp\/v2\/product_cat?post=5278"},{"taxonomy":"product_tag","embeddable":true,"href":"https:\/\/casadolivreiro.pt\/index.php\/wp-json\/wp\/v2\/product_tag?post=5278"}],"curies":[{"name":"wp","href":"https:\/\/api.w.org\/{rel}","templated":true}]}}