{"id":5276,"date":"2025-04-29T17:12:35","date_gmt":"2025-04-29T17:12:35","guid":{"rendered":"https:\/\/casadolivreiro.pt\/?post_type=product&#038;p=5276"},"modified":"2025-04-29T17:12:35","modified_gmt":"2025-04-29T17:12:35","slug":"a-arca-de-noe-paola-parazzoli","status":"publish","type":"product","link":"https:\/\/casadolivreiro.pt\/index.php\/product\/a-arca-de-noe-paola-parazzoli\/","title":{"rendered":"A ARCA DE NO\u00c9 -Paola Parazzoli"},"content":{"rendered":"<p>A ARCA DE NO\u00c9 -Paola Parazzoli<\/p>\n<p>Colec\u00e7\u00e3o de Hist\u00f3rias da Biblia #2<\/p>\n<p>Tradu\u00e7\u00e3o de Ana Natividade e Federico Bertolazzi<\/p>\n<p>Ano de edi\u00e7\u00e3o: 2008<\/p>\n<p>Editor:\u00a0\u00a0 Rizzoli<\/p>\n<p>Idioma: Portugu\u00eas<\/p>\n<p>Dimens\u00f5es: 22.5 x 0.8 x 24.5<\/p>\n<p>Encaderna\u00e7\u00e3o: capa dura<\/p>\n<p>P\u00e1ginas: 42<\/p>\n","protected":false},"excerpt":{"rendered":"<p>A ARCA DE NO\u00c9 -Paola Parazzoli Colec\u00e7\u00e3o de Hist\u00f3rias da Biblia #2 Tradu\u00e7\u00e3o de Ana Natividade e Federico Bertolazzi Ano de edi\u00e7\u00e3o: 2008 Editor:\u00a0\u00a0 Rizzoli Idioma: Portugu\u00eas Dimens\u00f5es: 22.5 x 0.8 x 24.5 Encaderna\u00e7\u00e3o: capa dura P\u00e1ginas: 42<\/p>\n","protected":false},"featured_media":5277,"comment_status":"open","ping_status":"closed","template":"","meta":{"om_disable_all_campaigns":false,"_monsterinsights_skip_tracking":false,"_monsterinsights_sitenote_active":false,"_monsterinsights_sitenote_note":"","_monsterinsights_sitenote_category":0,"_uf_show_specific_survey":0,"_uf_disable_surveys":false},"product_cat":[34],"product_tag":[],"aioseo_notices":[],"jetpack_sharing_enabled":true,"_links":{"self":[{"href":"https:\/\/casadolivreiro.pt\/index.php\/wp-json\/wp\/v2\/product\/5276"}],"collection":[{"href":"https:\/\/casadolivreiro.pt\/index.php\/wp-json\/wp\/v2\/product"}],"about":[{"href":"https:\/\/casadolivreiro.pt\/index.php\/wp-json\/wp\/v2\/types\/product"}],"replies":[{"embeddable":true,"href":"https:\/\/casadolivreiro.pt\/index.php\/wp-json\/wp\/v2\/comments?post=5276"}],"wp:featuredmedia":[{"embeddable":true,"href":"https:\/\/casadolivreiro.pt\/index.php\/wp-json\/wp\/v2\/media\/5277"}],"wp:attachment":[{"href":"https:\/\/casadolivreiro.pt\/index.php\/wp-json\/wp\/v2\/media?parent=5276"}],"wp:term":[{"taxonomy":"product_cat","embeddable":true,"href":"https:\/\/casadolivreiro.pt\/index.php\/wp-json\/wp\/v2\/product_cat?post=5276"},{"taxonomy":"product_tag","embeddable":true,"href":"https:\/\/casadolivreiro.pt\/index.php\/wp-json\/wp\/v2\/product_tag?post=5276"}],"curies":[{"name":"wp","href":"https:\/\/api.w.org\/{rel}","templated":true}]}}