{"id":5272,"date":"2025-04-29T16:33:32","date_gmt":"2025-04-29T16:33:32","guid":{"rendered":"https:\/\/casadolivreiro.pt\/?post_type=product&#038;p=5272"},"modified":"2025-04-29T16:33:32","modified_gmt":"2025-04-29T16:33:32","slug":"tarzan-edgar-rice-burroughs","status":"publish","type":"product","link":"https:\/\/casadolivreiro.pt\/index.php\/product\/tarzan-edgar-rice-burroughs\/","title":{"rendered":"TARZAN &#8211; Edgar Rice Burroughs"},"content":{"rendered":"<p>TARZAN &#8211; Edgar Rice Burroughs<\/p>\n<p>Colec\u00e7\u00e3o Disney apresenta<\/p>\n<p>Tradu\u00e7\u00e3o de\u00a0 Elsa Rocha<\/p>\n<p>Ano de edi\u00e7\u00e3o: 2000<\/p>\n<p>Editor:\u00a0\u00a0 Salvat Editores, S.A.<\/p>\n<p>Idioma: Portugu\u00eas<\/p>\n<p>Dimens\u00f5es: 17.5 x 0.5 x 24.8<\/p>\n<p>Encaderna\u00e7\u00e3o: capa dura<\/p>\n<p>P\u00e1ginas: 42<\/p>\n","protected":false},"excerpt":{"rendered":"<p>TARZAN &#8211; Edgar Rice Burroughs Colec\u00e7\u00e3o Disney apresenta Tradu\u00e7\u00e3o de\u00a0 Elsa Rocha Ano de edi\u00e7\u00e3o: 2000 Editor:\u00a0\u00a0 Salvat Editores, S.A. Idioma: Portugu\u00eas Dimens\u00f5es: 17.5 x 0.5 x 24.8 Encaderna\u00e7\u00e3o: capa dura P\u00e1ginas: 42<\/p>\n","protected":false},"featured_media":5273,"comment_status":"open","ping_status":"closed","template":"","meta":{"om_disable_all_campaigns":false,"_monsterinsights_skip_tracking":false,"_monsterinsights_sitenote_active":false,"_monsterinsights_sitenote_note":"","_monsterinsights_sitenote_category":0,"_uf_show_specific_survey":0,"_uf_disable_surveys":false},"product_cat":[34],"product_tag":[],"aioseo_notices":[],"jetpack_sharing_enabled":true,"_links":{"self":[{"href":"https:\/\/casadolivreiro.pt\/index.php\/wp-json\/wp\/v2\/product\/5272"}],"collection":[{"href":"https:\/\/casadolivreiro.pt\/index.php\/wp-json\/wp\/v2\/product"}],"about":[{"href":"https:\/\/casadolivreiro.pt\/index.php\/wp-json\/wp\/v2\/types\/product"}],"replies":[{"embeddable":true,"href":"https:\/\/casadolivreiro.pt\/index.php\/wp-json\/wp\/v2\/comments?post=5272"}],"wp:featuredmedia":[{"embeddable":true,"href":"https:\/\/casadolivreiro.pt\/index.php\/wp-json\/wp\/v2\/media\/5273"}],"wp:attachment":[{"href":"https:\/\/casadolivreiro.pt\/index.php\/wp-json\/wp\/v2\/media?parent=5272"}],"wp:term":[{"taxonomy":"product_cat","embeddable":true,"href":"https:\/\/casadolivreiro.pt\/index.php\/wp-json\/wp\/v2\/product_cat?post=5272"},{"taxonomy":"product_tag","embeddable":true,"href":"https:\/\/casadolivreiro.pt\/index.php\/wp-json\/wp\/v2\/product_tag?post=5272"}],"curies":[{"name":"wp","href":"https:\/\/api.w.org\/{rel}","templated":true}]}}