{"id":527,"date":"2024-03-14T13:52:13","date_gmt":"2024-03-14T13:52:13","guid":{"rendered":"https:\/\/casadolivreiro.pt\/?post_type=product&#038;p=527"},"modified":"2024-03-14T13:52:13","modified_gmt":"2024-03-14T13:52:13","slug":"turismo-no-espaco-rural-rural-tourism-guia-oficial-official-guide-2007-portugal","status":"publish","type":"product","link":"https:\/\/casadolivreiro.pt\/index.php\/product\/turismo-no-espaco-rural-rural-tourism-guia-oficial-official-guide-2007-portugal\/","title":{"rendered":"TURISMO NO ESPA\u00c7O RURAL \u2013 RURAL TOURISM Guia oficial \u2013 Official Guide 2007, Portugal"},"content":{"rendered":"<p>TURISMO NO ESPA\u00c7O RURAL \u2013 RURAL TOURISM<br \/>\nGuia oficial \u2013 Official Guide 2007, Portugal<br \/>\nISBN: 978-972-8103-64-4<br \/>\nAno de edi\u00e7\u00e3o: 2007<br \/>\nEditor: Turismo de Portugal, Lisboa<br \/>\nIdioma: Portugu\u00eas &#8211; \u00a0Ingl\u00eas<br \/>\nDimens\u00f5es: 14.8 x 2.3 x 21 cm<br \/>\nEncaderna\u00e7\u00e3o: Capa mole<br \/>\nP\u00e1ginas: 433<\/p>\n","protected":false},"excerpt":{"rendered":"<p>TURISMO NO ESPA\u00c7O RURAL \u2013 RURAL TOURISM Guia oficial \u2013 Official Guide 2007, Portugal ISBN: 978-972-8103-64-4 Ano de edi\u00e7\u00e3o: 2007 Editor: Turismo de Portugal, Lisboa Idioma: Portugu\u00eas &#8211; \u00a0Ingl\u00eas Dimens\u00f5es: 14.8 x 2.3 x 21 cm Encaderna\u00e7\u00e3o: Capa mole P\u00e1ginas: 433<\/p>\n","protected":false},"featured_media":528,"comment_status":"open","ping_status":"closed","template":"","meta":{"om_disable_all_campaigns":false,"_monsterinsights_skip_tracking":false,"_monsterinsights_sitenote_active":false,"_monsterinsights_sitenote_note":"","_monsterinsights_sitenote_category":0,"_uf_show_specific_survey":0,"_uf_disable_surveys":false},"product_cat":[39],"product_tag":[],"aioseo_notices":[],"jetpack_sharing_enabled":true,"_links":{"self":[{"href":"https:\/\/casadolivreiro.pt\/index.php\/wp-json\/wp\/v2\/product\/527"}],"collection":[{"href":"https:\/\/casadolivreiro.pt\/index.php\/wp-json\/wp\/v2\/product"}],"about":[{"href":"https:\/\/casadolivreiro.pt\/index.php\/wp-json\/wp\/v2\/types\/product"}],"replies":[{"embeddable":true,"href":"https:\/\/casadolivreiro.pt\/index.php\/wp-json\/wp\/v2\/comments?post=527"}],"wp:featuredmedia":[{"embeddable":true,"href":"https:\/\/casadolivreiro.pt\/index.php\/wp-json\/wp\/v2\/media\/528"}],"wp:attachment":[{"href":"https:\/\/casadolivreiro.pt\/index.php\/wp-json\/wp\/v2\/media?parent=527"}],"wp:term":[{"taxonomy":"product_cat","embeddable":true,"href":"https:\/\/casadolivreiro.pt\/index.php\/wp-json\/wp\/v2\/product_cat?post=527"},{"taxonomy":"product_tag","embeddable":true,"href":"https:\/\/casadolivreiro.pt\/index.php\/wp-json\/wp\/v2\/product_tag?post=527"}],"curies":[{"name":"wp","href":"https:\/\/api.w.org\/{rel}","templated":true}]}}