{"id":5268,"date":"2025-04-29T16:22:57","date_gmt":"2025-04-29T16:22:57","guid":{"rendered":"https:\/\/casadolivreiro.pt\/?post_type=product&#038;p=5268"},"modified":"2025-04-29T16:22:58","modified_gmt":"2025-04-29T16:22:58","slug":"bambi","status":"publish","type":"product","link":"https:\/\/casadolivreiro.pt\/index.php\/product\/bambi\/","title":{"rendered":"BAMBI"},"content":{"rendered":"<p>BAMBI<\/p>\n<p>Colec\u00e7\u00e3o A Minha Primeira Biblioteca<\/p>\n<p>Ano de edi\u00e7\u00e3o: 1997<\/p>\n<p>Editor:\u00a0\u00a0 Ulisseia Infantil<\/p>\n<p>Idioma: Portugu\u00eas<\/p>\n<p>Dimens\u00f5es: 15.5 x 0.5 x 20.8<\/p>\n<p>Encaderna\u00e7\u00e3o: capa dura<\/p>\n<p>P\u00e1ginas: 24<\/p>\n","protected":false},"excerpt":{"rendered":"<p>BAMBI Colec\u00e7\u00e3o A Minha Primeira Biblioteca Ano de edi\u00e7\u00e3o: 1997 Editor:\u00a0\u00a0 Ulisseia Infantil Idioma: Portugu\u00eas Dimens\u00f5es: 15.5 x 0.5 x 20.8 Encaderna\u00e7\u00e3o: capa dura P\u00e1ginas: 24<\/p>\n","protected":false},"featured_media":5269,"comment_status":"open","ping_status":"closed","template":"","meta":{"om_disable_all_campaigns":false,"_monsterinsights_skip_tracking":false,"_monsterinsights_sitenote_active":false,"_monsterinsights_sitenote_note":"","_monsterinsights_sitenote_category":0,"_uf_show_specific_survey":0,"_uf_disable_surveys":false},"product_cat":[34],"product_tag":[],"aioseo_notices":[],"jetpack_sharing_enabled":true,"_links":{"self":[{"href":"https:\/\/casadolivreiro.pt\/index.php\/wp-json\/wp\/v2\/product\/5268"}],"collection":[{"href":"https:\/\/casadolivreiro.pt\/index.php\/wp-json\/wp\/v2\/product"}],"about":[{"href":"https:\/\/casadolivreiro.pt\/index.php\/wp-json\/wp\/v2\/types\/product"}],"replies":[{"embeddable":true,"href":"https:\/\/casadolivreiro.pt\/index.php\/wp-json\/wp\/v2\/comments?post=5268"}],"wp:featuredmedia":[{"embeddable":true,"href":"https:\/\/casadolivreiro.pt\/index.php\/wp-json\/wp\/v2\/media\/5269"}],"wp:attachment":[{"href":"https:\/\/casadolivreiro.pt\/index.php\/wp-json\/wp\/v2\/media?parent=5268"}],"wp:term":[{"taxonomy":"product_cat","embeddable":true,"href":"https:\/\/casadolivreiro.pt\/index.php\/wp-json\/wp\/v2\/product_cat?post=5268"},{"taxonomy":"product_tag","embeddable":true,"href":"https:\/\/casadolivreiro.pt\/index.php\/wp-json\/wp\/v2\/product_tag?post=5268"}],"curies":[{"name":"wp","href":"https:\/\/api.w.org\/{rel}","templated":true}]}}