{"id":5264,"date":"2025-04-29T16:13:12","date_gmt":"2025-04-29T16:13:12","guid":{"rendered":"https:\/\/casadolivreiro.pt\/?post_type=product&#038;p=5264"},"modified":"2025-04-29T16:13:12","modified_gmt":"2025-04-29T16:13:12","slug":"tudo-e-possivel","status":"publish","type":"product","link":"https:\/\/casadolivreiro.pt\/index.php\/product\/tudo-e-possivel\/","title":{"rendered":"TUDO \u00c9 POSS\u00cdVEL"},"content":{"rendered":"<p>TUDO \u00c9 POSS\u00cdVEL<\/p>\n<p>Ano de edi\u00e7\u00e3o: 2000<\/p>\n<p>Editor:\u00a0\u00a0 ARTE PLURAL<\/p>\n<p>Idioma: Portugu\u00eas<\/p>\n<p>Dimens\u00f5es: 13 x 0.8 x 18<\/p>\n<p>Encaderna\u00e7\u00e3o: capa dura<\/p>\n<p>P\u00e1ginas: 42<\/p>\n","protected":false},"excerpt":{"rendered":"<p>TUDO \u00c9 POSS\u00cdVEL Ano de edi\u00e7\u00e3o: 2000 Editor:\u00a0\u00a0 ARTE PLURAL Idioma: Portugu\u00eas Dimens\u00f5es: 13 x 0.8 x 18 Encaderna\u00e7\u00e3o: capa dura P\u00e1ginas: 42<\/p>\n","protected":false},"featured_media":5265,"comment_status":"open","ping_status":"closed","template":"","meta":{"om_disable_all_campaigns":false,"_monsterinsights_skip_tracking":false,"_monsterinsights_sitenote_active":false,"_monsterinsights_sitenote_note":"","_monsterinsights_sitenote_category":0,"_uf_show_specific_survey":0,"_uf_disable_surveys":false},"product_cat":[34],"product_tag":[],"aioseo_notices":[],"jetpack_sharing_enabled":true,"_links":{"self":[{"href":"https:\/\/casadolivreiro.pt\/index.php\/wp-json\/wp\/v2\/product\/5264"}],"collection":[{"href":"https:\/\/casadolivreiro.pt\/index.php\/wp-json\/wp\/v2\/product"}],"about":[{"href":"https:\/\/casadolivreiro.pt\/index.php\/wp-json\/wp\/v2\/types\/product"}],"replies":[{"embeddable":true,"href":"https:\/\/casadolivreiro.pt\/index.php\/wp-json\/wp\/v2\/comments?post=5264"}],"wp:featuredmedia":[{"embeddable":true,"href":"https:\/\/casadolivreiro.pt\/index.php\/wp-json\/wp\/v2\/media\/5265"}],"wp:attachment":[{"href":"https:\/\/casadolivreiro.pt\/index.php\/wp-json\/wp\/v2\/media?parent=5264"}],"wp:term":[{"taxonomy":"product_cat","embeddable":true,"href":"https:\/\/casadolivreiro.pt\/index.php\/wp-json\/wp\/v2\/product_cat?post=5264"},{"taxonomy":"product_tag","embeddable":true,"href":"https:\/\/casadolivreiro.pt\/index.php\/wp-json\/wp\/v2\/product_tag?post=5264"}],"curies":[{"name":"wp","href":"https:\/\/api.w.org\/{rel}","templated":true}]}}