{"id":5258,"date":"2025-04-29T15:57:50","date_gmt":"2025-04-29T15:57:50","guid":{"rendered":"https:\/\/casadolivreiro.pt\/?post_type=product&#038;p=5258"},"modified":"2025-04-29T15:57:50","modified_gmt":"2025-04-29T15:57:50","slug":"o-cao-do-palacio-assombrado-mickey-detective-walt-disney","status":"publish","type":"product","link":"https:\/\/casadolivreiro.pt\/index.php\/product\/o-cao-do-palacio-assombrado-mickey-detective-walt-disney\/","title":{"rendered":"O C\u00c3O DO PAL\u00c1CIO ASSOMBRADO -Mickey Detective, Walt Disney"},"content":{"rendered":"<p>O C\u00c3O DO PAL\u00c1CIO ASSOMBRADO -Mickey Detective, Walt Disney<\/p>\n<p>Ano de edi\u00e7\u00e3o: 1982<\/p>\n<p>Editor:\u00a0\u00a0 Edi\u00e7\u00f5es Majora<\/p>\n<p>Idioma: Portugu\u00eas<\/p>\n<p>Dimens\u00f5es: 11.9 x 1 x 20<\/p>\n<p>Encaderna\u00e7\u00e3o: capa dura<\/p>\n<p>P\u00e1ginas: 32<\/p>\n","protected":false},"excerpt":{"rendered":"<p>O C\u00c3O DO PAL\u00c1CIO ASSOMBRADO -Mickey Detective, Walt Disney Ano de edi\u00e7\u00e3o: 1982 Editor:\u00a0\u00a0 Edi\u00e7\u00f5es Majora Idioma: Portugu\u00eas Dimens\u00f5es: 11.9 x 1 x 20 Encaderna\u00e7\u00e3o: capa dura P\u00e1ginas: 32<\/p>\n","protected":false},"featured_media":5259,"comment_status":"open","ping_status":"closed","template":"","meta":{"om_disable_all_campaigns":false,"_monsterinsights_skip_tracking":false,"_monsterinsights_sitenote_active":false,"_monsterinsights_sitenote_note":"","_monsterinsights_sitenote_category":0,"_uf_show_specific_survey":0,"_uf_disable_surveys":false},"product_cat":[34],"product_tag":[],"aioseo_notices":[],"jetpack_sharing_enabled":true,"_links":{"self":[{"href":"https:\/\/casadolivreiro.pt\/index.php\/wp-json\/wp\/v2\/product\/5258"}],"collection":[{"href":"https:\/\/casadolivreiro.pt\/index.php\/wp-json\/wp\/v2\/product"}],"about":[{"href":"https:\/\/casadolivreiro.pt\/index.php\/wp-json\/wp\/v2\/types\/product"}],"replies":[{"embeddable":true,"href":"https:\/\/casadolivreiro.pt\/index.php\/wp-json\/wp\/v2\/comments?post=5258"}],"wp:featuredmedia":[{"embeddable":true,"href":"https:\/\/casadolivreiro.pt\/index.php\/wp-json\/wp\/v2\/media\/5259"}],"wp:attachment":[{"href":"https:\/\/casadolivreiro.pt\/index.php\/wp-json\/wp\/v2\/media?parent=5258"}],"wp:term":[{"taxonomy":"product_cat","embeddable":true,"href":"https:\/\/casadolivreiro.pt\/index.php\/wp-json\/wp\/v2\/product_cat?post=5258"},{"taxonomy":"product_tag","embeddable":true,"href":"https:\/\/casadolivreiro.pt\/index.php\/wp-json\/wp\/v2\/product_tag?post=5258"}],"curies":[{"name":"wp","href":"https:\/\/api.w.org\/{rel}","templated":true}]}}