{"id":5256,"date":"2025-04-29T15:50:46","date_gmt":"2025-04-29T15:50:46","guid":{"rendered":"https:\/\/casadolivreiro.pt\/?post_type=product&#038;p=5256"},"modified":"2025-04-29T15:50:47","modified_gmt":"2025-04-29T15:50:47","slug":"rumo-ao-oeste-cow-boys-e-pioneiros-martine-courtault","status":"publish","type":"product","link":"https:\/\/casadolivreiro.pt\/index.php\/product\/rumo-ao-oeste-cow-boys-e-pioneiros-martine-courtault\/","title":{"rendered":"RUMO AO OESTE: COW-BOYS E PIONEIROS \u2013 Martine Courtault"},"content":{"rendered":"<p>RUMO AO OESTE: COW-BOYS E PIONEIROS \u2013 Martine Courtault<\/p>\n<p>Traduzido de Joaquim Leite<\/p>\n<p>Ano de edi\u00e7\u00e3o: 1990<\/p>\n<p>Editor:\u00a0 \u00a0Civiliza\u00e7\u00e3o \/ Circulo de Leitores<\/p>\n<p>Idioma: Portugu\u00eas<\/p>\n<p>Dimens\u00f5es: 11.3 x 0.8 x 18<\/p>\n<p>Encaderna\u00e7\u00e3o: capa dura<\/p>\n<p>P\u00e1ginas: 34<\/p>\n","protected":false},"excerpt":{"rendered":"<p>RUMO AO OESTE: COW-BOYS E PIONEIROS \u2013 Martine Courtault Traduzido de Joaquim Leite Ano de edi\u00e7\u00e3o: 1990 Editor:\u00a0 \u00a0Civiliza\u00e7\u00e3o \/ Circulo de Leitores Idioma: Portugu\u00eas Dimens\u00f5es: 11.3 x 0.8 x 18 Encaderna\u00e7\u00e3o: capa dura P\u00e1ginas: 34<\/p>\n","protected":false},"featured_media":5257,"comment_status":"open","ping_status":"closed","template":"","meta":{"om_disable_all_campaigns":false,"_monsterinsights_skip_tracking":false,"_monsterinsights_sitenote_active":false,"_monsterinsights_sitenote_note":"","_monsterinsights_sitenote_category":0,"_uf_show_specific_survey":0,"_uf_disable_surveys":false},"product_cat":[34],"product_tag":[],"aioseo_notices":[],"jetpack_sharing_enabled":true,"_links":{"self":[{"href":"https:\/\/casadolivreiro.pt\/index.php\/wp-json\/wp\/v2\/product\/5256"}],"collection":[{"href":"https:\/\/casadolivreiro.pt\/index.php\/wp-json\/wp\/v2\/product"}],"about":[{"href":"https:\/\/casadolivreiro.pt\/index.php\/wp-json\/wp\/v2\/types\/product"}],"replies":[{"embeddable":true,"href":"https:\/\/casadolivreiro.pt\/index.php\/wp-json\/wp\/v2\/comments?post=5256"}],"wp:featuredmedia":[{"embeddable":true,"href":"https:\/\/casadolivreiro.pt\/index.php\/wp-json\/wp\/v2\/media\/5257"}],"wp:attachment":[{"href":"https:\/\/casadolivreiro.pt\/index.php\/wp-json\/wp\/v2\/media?parent=5256"}],"wp:term":[{"taxonomy":"product_cat","embeddable":true,"href":"https:\/\/casadolivreiro.pt\/index.php\/wp-json\/wp\/v2\/product_cat?post=5256"},{"taxonomy":"product_tag","embeddable":true,"href":"https:\/\/casadolivreiro.pt\/index.php\/wp-json\/wp\/v2\/product_tag?post=5256"}],"curies":[{"name":"wp","href":"https:\/\/api.w.org\/{rel}","templated":true}]}}