{"id":5254,"date":"2025-04-29T15:43:12","date_gmt":"2025-04-29T15:43:12","guid":{"rendered":"https:\/\/casadolivreiro.pt\/?post_type=product&#038;p=5254"},"modified":"2025-04-29T15:43:12","modified_gmt":"2025-04-29T15:43:12","slug":"aventuras-en-el-mar-los-bucaneros-franklim","status":"publish","type":"product","link":"https:\/\/casadolivreiro.pt\/index.php\/product\/aventuras-en-el-mar-los-bucaneros-franklim\/","title":{"rendered":"AVENTURAS EN EL MAR: Los Bucaneros \u2013 Franklim"},"content":{"rendered":"<p>AVENTURAS EN EL MAR: Los Bucaneros \u2013 Franklim<\/p>\n<p>Colec\u00e7\u00e3o Minilibro\u00a0 #5<\/p>\n<p>Ano de edi\u00e7\u00e3o: 1978<\/p>\n<p>Editor:\u00a0 ESCO, Madrid<\/p>\n<p>Idioma: Espanhol<\/p>\n<p>Dimens\u00f5es: 10.7 x 1 x 15<\/p>\n<p>Encaderna\u00e7\u00e3o: capa dura<\/p>\n<p>P\u00e1ginas: 62<\/p>\n","protected":false},"excerpt":{"rendered":"<p>AVENTURAS EN EL MAR: Los Bucaneros \u2013 Franklim Colec\u00e7\u00e3o Minilibro\u00a0 #5 Ano de edi\u00e7\u00e3o: 1978 Editor:\u00a0 ESCO, Madrid Idioma: Espanhol Dimens\u00f5es: 10.7 x 1 x 15 Encaderna\u00e7\u00e3o: capa dura P\u00e1ginas: 62<\/p>\n","protected":false},"featured_media":5255,"comment_status":"open","ping_status":"closed","template":"","meta":{"om_disable_all_campaigns":false,"_monsterinsights_skip_tracking":false,"_monsterinsights_sitenote_active":false,"_monsterinsights_sitenote_note":"","_monsterinsights_sitenote_category":0,"_uf_show_specific_survey":0,"_uf_disable_surveys":false},"product_cat":[34,57],"product_tag":[],"aioseo_notices":[],"jetpack_sharing_enabled":true,"_links":{"self":[{"href":"https:\/\/casadolivreiro.pt\/index.php\/wp-json\/wp\/v2\/product\/5254"}],"collection":[{"href":"https:\/\/casadolivreiro.pt\/index.php\/wp-json\/wp\/v2\/product"}],"about":[{"href":"https:\/\/casadolivreiro.pt\/index.php\/wp-json\/wp\/v2\/types\/product"}],"replies":[{"embeddable":true,"href":"https:\/\/casadolivreiro.pt\/index.php\/wp-json\/wp\/v2\/comments?post=5254"}],"wp:featuredmedia":[{"embeddable":true,"href":"https:\/\/casadolivreiro.pt\/index.php\/wp-json\/wp\/v2\/media\/5255"}],"wp:attachment":[{"href":"https:\/\/casadolivreiro.pt\/index.php\/wp-json\/wp\/v2\/media?parent=5254"}],"wp:term":[{"taxonomy":"product_cat","embeddable":true,"href":"https:\/\/casadolivreiro.pt\/index.php\/wp-json\/wp\/v2\/product_cat?post=5254"},{"taxonomy":"product_tag","embeddable":true,"href":"https:\/\/casadolivreiro.pt\/index.php\/wp-json\/wp\/v2\/product_tag?post=5254"}],"curies":[{"name":"wp","href":"https:\/\/api.w.org\/{rel}","templated":true}]}}