{"id":525,"date":"2024-03-14T13:48:54","date_gmt":"2024-03-14T13:48:54","guid":{"rendered":"https:\/\/casadolivreiro.pt\/?post_type=product&#038;p=525"},"modified":"2024-03-14T13:48:54","modified_gmt":"2024-03-14T13:48:54","slug":"acores","status":"publish","type":"product","link":"https:\/\/casadolivreiro.pt\/index.php\/product\/acores\/","title":{"rendered":"A\u00c7ORES"},"content":{"rendered":"<p>A\u00c7ORES<br \/>\nAno de edi\u00e7\u00e3o: 1995<br \/>\nEditor: Publi\u00e7or- Marketing e Publicidade Lda. Ponta Delgada<br \/>\nIdioma: Portugu\u00eas<br \/>\nDimens\u00f5es: 10.3 x 0.8 x 22 cm<br \/>\nEncaderna\u00e7\u00e3o: Capa mole<br \/>\nP\u00e1ginas: 197<\/p>\n","protected":false},"excerpt":{"rendered":"<p>A\u00c7ORES Ano de edi\u00e7\u00e3o: 1995 Editor: Publi\u00e7or- Marketing e Publicidade Lda. Ponta Delgada Idioma: Portugu\u00eas Dimens\u00f5es: 10.3 x 0.8 x 22 cm Encaderna\u00e7\u00e3o: Capa mole P\u00e1ginas: 197<\/p>\n","protected":false},"featured_media":526,"comment_status":"open","ping_status":"closed","template":"","meta":{"om_disable_all_campaigns":false,"_monsterinsights_skip_tracking":false,"_monsterinsights_sitenote_active":false,"_monsterinsights_sitenote_note":"","_monsterinsights_sitenote_category":0,"_uf_show_specific_survey":0,"_uf_disable_surveys":false},"product_cat":[39],"product_tag":[],"aioseo_notices":[],"jetpack_sharing_enabled":true,"_links":{"self":[{"href":"https:\/\/casadolivreiro.pt\/index.php\/wp-json\/wp\/v2\/product\/525"}],"collection":[{"href":"https:\/\/casadolivreiro.pt\/index.php\/wp-json\/wp\/v2\/product"}],"about":[{"href":"https:\/\/casadolivreiro.pt\/index.php\/wp-json\/wp\/v2\/types\/product"}],"replies":[{"embeddable":true,"href":"https:\/\/casadolivreiro.pt\/index.php\/wp-json\/wp\/v2\/comments?post=525"}],"wp:featuredmedia":[{"embeddable":true,"href":"https:\/\/casadolivreiro.pt\/index.php\/wp-json\/wp\/v2\/media\/526"}],"wp:attachment":[{"href":"https:\/\/casadolivreiro.pt\/index.php\/wp-json\/wp\/v2\/media?parent=525"}],"wp:term":[{"taxonomy":"product_cat","embeddable":true,"href":"https:\/\/casadolivreiro.pt\/index.php\/wp-json\/wp\/v2\/product_cat?post=525"},{"taxonomy":"product_tag","embeddable":true,"href":"https:\/\/casadolivreiro.pt\/index.php\/wp-json\/wp\/v2\/product_tag?post=525"}],"curies":[{"name":"wp","href":"https:\/\/api.w.org\/{rel}","templated":true}]}}