{"id":5241,"date":"2025-04-29T14:56:23","date_gmt":"2025-04-29T14:56:23","guid":{"rendered":"https:\/\/casadolivreiro.pt\/?post_type=product&#038;p=5241"},"modified":"2025-04-29T14:58:06","modified_gmt":"2025-04-29T14:58:06","slug":"um-pai-porreira-e-pra-vida-inteira-alface","status":"publish","type":"product","link":"https:\/\/casadolivreiro.pt\/index.php\/product\/um-pai-porreira-e-pra-vida-inteira-alface\/","title":{"rendered":"UMA M\u00c3E PORREIRA \u00c9 PR\u00c1 VIDA INTEIRA \u2013 Alface"},"content":{"rendered":"<p>UMA M\u00c3E PORREIRA \u00c9 PR\u00c1 VIDA INTEIRA \u2013 Alface<\/p>\n<p>Ano de edi\u00e7\u00e3o: 1997<\/p>\n<p>Editor:\u00a0 FENDA<\/p>\n<p>Idioma: Portugu\u00eas<\/p>\n<p>Dimens\u00f5es: 12.1 x 0.7 x 18.5<\/p>\n<p>Encaderna\u00e7\u00e3o: capa mole<\/p>\n<p>P\u00e1ginas: 54<\/p>\n","protected":false},"excerpt":{"rendered":"<p>UMA M\u00c3E PORREIRA \u00c9 PR\u00c1 VIDA INTEIRA \u2013 Alface Ano de edi\u00e7\u00e3o: 1997 Editor:\u00a0 FENDA Idioma: Portugu\u00eas Dimens\u00f5es: 12.1 x 0.7 x 18.5 Encaderna\u00e7\u00e3o: capa mole P\u00e1ginas: 54<\/p>\n","protected":false},"featured_media":5242,"comment_status":"open","ping_status":"closed","template":"","meta":{"om_disable_all_campaigns":false,"_monsterinsights_skip_tracking":false,"_monsterinsights_sitenote_active":false,"_monsterinsights_sitenote_note":"","_monsterinsights_sitenote_category":0,"_uf_show_specific_survey":0,"_uf_disable_surveys":false},"product_cat":[34],"product_tag":[],"aioseo_notices":[],"jetpack_sharing_enabled":true,"_links":{"self":[{"href":"https:\/\/casadolivreiro.pt\/index.php\/wp-json\/wp\/v2\/product\/5241"}],"collection":[{"href":"https:\/\/casadolivreiro.pt\/index.php\/wp-json\/wp\/v2\/product"}],"about":[{"href":"https:\/\/casadolivreiro.pt\/index.php\/wp-json\/wp\/v2\/types\/product"}],"replies":[{"embeddable":true,"href":"https:\/\/casadolivreiro.pt\/index.php\/wp-json\/wp\/v2\/comments?post=5241"}],"wp:featuredmedia":[{"embeddable":true,"href":"https:\/\/casadolivreiro.pt\/index.php\/wp-json\/wp\/v2\/media\/5242"}],"wp:attachment":[{"href":"https:\/\/casadolivreiro.pt\/index.php\/wp-json\/wp\/v2\/media?parent=5241"}],"wp:term":[{"taxonomy":"product_cat","embeddable":true,"href":"https:\/\/casadolivreiro.pt\/index.php\/wp-json\/wp\/v2\/product_cat?post=5241"},{"taxonomy":"product_tag","embeddable":true,"href":"https:\/\/casadolivreiro.pt\/index.php\/wp-json\/wp\/v2\/product_tag?post=5241"}],"curies":[{"name":"wp","href":"https:\/\/api.w.org\/{rel}","templated":true}]}}