{"id":5237,"date":"2025-04-29T14:45:11","date_gmt":"2025-04-29T14:45:11","guid":{"rendered":"https:\/\/casadolivreiro.pt\/?post_type=product&#038;p=5237"},"modified":"2025-04-29T14:45:11","modified_gmt":"2025-04-29T14:45:11","slug":"brigada-juvenil-o-enigma-do-tesouro-submerso-jonathan-gibb","status":"publish","type":"product","link":"https:\/\/casadolivreiro.pt\/index.php\/product\/brigada-juvenil-o-enigma-do-tesouro-submerso-jonathan-gibb\/","title":{"rendered":"BRIGADA JUVENIL: O ENIGMA DO TESOURO SUBMERSO \u2013 Jonathan Gibb"},"content":{"rendered":"<p>BRIGADA JUVENIL: O ENIGMA DO TESOURO SUBMERSO \u2013 Jonathan Gibb<\/p>\n<p>Colec\u00e7\u00e3o: Rapazes e Raparigas #1<\/p>\n<p>Tradu\u00e7\u00e3o de \u00a0Manuel Ruas<\/p>\n<p>Ano de edi\u00e7\u00e3o: 1984, 1.\u00ba edi\u00e7\u00e3o<\/p>\n<p>Editor:\u00a0 Dom Quixote<\/p>\n<p>Idioma: Portugu\u00eas<\/p>\n<p>Dimens\u00f5es: 12.5 x 1.2 x 20.2<\/p>\n<p>Encaderna\u00e7\u00e3o: capa dura<\/p>\n<p>P\u00e1ginas: 148<\/p>\n","protected":false},"excerpt":{"rendered":"<p>BRIGADA JUVENIL: O ENIGMA DO TESOURO SUBMERSO \u2013 Jonathan Gibb Colec\u00e7\u00e3o: Rapazes e Raparigas #1 Tradu\u00e7\u00e3o de \u00a0Manuel Ruas Ano de edi\u00e7\u00e3o: 1984, 1.\u00ba edi\u00e7\u00e3o Editor:\u00a0 Dom Quixote Idioma: Portugu\u00eas Dimens\u00f5es: 12.5 x 1.2 x 20.2 Encaderna\u00e7\u00e3o: capa dura P\u00e1ginas: 148<\/p>\n","protected":false},"featured_media":5238,"comment_status":"open","ping_status":"closed","template":"","meta":{"om_disable_all_campaigns":false,"_monsterinsights_skip_tracking":false,"_monsterinsights_sitenote_active":false,"_monsterinsights_sitenote_note":"","_monsterinsights_sitenote_category":0,"_uf_show_specific_survey":0,"_uf_disable_surveys":false},"product_cat":[34],"product_tag":[],"aioseo_notices":[],"jetpack_sharing_enabled":true,"_links":{"self":[{"href":"https:\/\/casadolivreiro.pt\/index.php\/wp-json\/wp\/v2\/product\/5237"}],"collection":[{"href":"https:\/\/casadolivreiro.pt\/index.php\/wp-json\/wp\/v2\/product"}],"about":[{"href":"https:\/\/casadolivreiro.pt\/index.php\/wp-json\/wp\/v2\/types\/product"}],"replies":[{"embeddable":true,"href":"https:\/\/casadolivreiro.pt\/index.php\/wp-json\/wp\/v2\/comments?post=5237"}],"wp:featuredmedia":[{"embeddable":true,"href":"https:\/\/casadolivreiro.pt\/index.php\/wp-json\/wp\/v2\/media\/5238"}],"wp:attachment":[{"href":"https:\/\/casadolivreiro.pt\/index.php\/wp-json\/wp\/v2\/media?parent=5237"}],"wp:term":[{"taxonomy":"product_cat","embeddable":true,"href":"https:\/\/casadolivreiro.pt\/index.php\/wp-json\/wp\/v2\/product_cat?post=5237"},{"taxonomy":"product_tag","embeddable":true,"href":"https:\/\/casadolivreiro.pt\/index.php\/wp-json\/wp\/v2\/product_tag?post=5237"}],"curies":[{"name":"wp","href":"https:\/\/api.w.org\/{rel}","templated":true}]}}