{"id":5233,"date":"2025-04-29T14:11:08","date_gmt":"2025-04-29T14:11:08","guid":{"rendered":"https:\/\/casadolivreiro.pt\/?post_type=product&#038;p=5233"},"modified":"2025-04-29T14:11:08","modified_gmt":"2025-04-29T14:11:08","slug":"cora-ravenwing-gina-wilson","status":"publish","type":"product","link":"https:\/\/casadolivreiro.pt\/index.php\/product\/cora-ravenwing-gina-wilson\/","title":{"rendered":"CORA RAVENWING \u2013 Gina Wilson"},"content":{"rendered":"<p>CORA RAVENWING \u2013 Gina Wilson<\/p>\n<p>Ano de edi\u00e7\u00e3o: 1980<\/p>\n<p>Editor:\u00a0 Faber &amp; Faber Limited, London<\/p>\n<p>Idioma: Ingl\u00eas<\/p>\n<p>Dimens\u00f5es: 11 x 1.2 x 17.7<\/p>\n<p>Encaderna\u00e7\u00e3o: capa mole<\/p>\n<p>P\u00e1ginas: 173<\/p>\n","protected":false},"excerpt":{"rendered":"<p>CORA RAVENWING \u2013 Gina Wilson Ano de edi\u00e7\u00e3o: 1980 Editor:\u00a0 Faber &amp; Faber Limited, London Idioma: Ingl\u00eas Dimens\u00f5es: 11 x 1.2 x 17.7 Encaderna\u00e7\u00e3o: capa mole P\u00e1ginas: 173<\/p>\n","protected":false},"featured_media":5234,"comment_status":"open","ping_status":"closed","template":"","meta":{"om_disable_all_campaigns":false,"_monsterinsights_skip_tracking":false,"_monsterinsights_sitenote_active":false,"_monsterinsights_sitenote_note":"","_monsterinsights_sitenote_category":0,"_uf_show_specific_survey":0,"_uf_disable_surveys":false},"product_cat":[34],"product_tag":[],"aioseo_notices":[],"jetpack_sharing_enabled":true,"_links":{"self":[{"href":"https:\/\/casadolivreiro.pt\/index.php\/wp-json\/wp\/v2\/product\/5233"}],"collection":[{"href":"https:\/\/casadolivreiro.pt\/index.php\/wp-json\/wp\/v2\/product"}],"about":[{"href":"https:\/\/casadolivreiro.pt\/index.php\/wp-json\/wp\/v2\/types\/product"}],"replies":[{"embeddable":true,"href":"https:\/\/casadolivreiro.pt\/index.php\/wp-json\/wp\/v2\/comments?post=5233"}],"wp:featuredmedia":[{"embeddable":true,"href":"https:\/\/casadolivreiro.pt\/index.php\/wp-json\/wp\/v2\/media\/5234"}],"wp:attachment":[{"href":"https:\/\/casadolivreiro.pt\/index.php\/wp-json\/wp\/v2\/media?parent=5233"}],"wp:term":[{"taxonomy":"product_cat","embeddable":true,"href":"https:\/\/casadolivreiro.pt\/index.php\/wp-json\/wp\/v2\/product_cat?post=5233"},{"taxonomy":"product_tag","embeddable":true,"href":"https:\/\/casadolivreiro.pt\/index.php\/wp-json\/wp\/v2\/product_tag?post=5233"}],"curies":[{"name":"wp","href":"https:\/\/api.w.org\/{rel}","templated":true}]}}