{"id":5226,"date":"2025-04-29T13:31:29","date_gmt":"2025-04-29T13:31:29","guid":{"rendered":"https:\/\/casadolivreiro.pt\/?post_type=product&#038;p=5226"},"modified":"2025-04-29T13:31:30","modified_gmt":"2025-04-29T13:31:30","slug":"esta-escola-poe-me-doido-nat-hentoff","status":"publish","type":"product","link":"https:\/\/casadolivreiro.pt\/index.php\/product\/esta-escola-poe-me-doido-nat-hentoff\/","title":{"rendered":"ESTA ESCOLA P\u00d5E-ME DOIDO \u2013 Nat Hentoff"},"content":{"rendered":"<p>ESTA ESCOLA P\u00d5E-ME DOIDO \u2013 Nat Hentoff<\/p>\n<p>Tradu\u00e7\u00e3o de Magda Viana<\/p>\n<p>Ano de edi\u00e7\u00e3o: 1998<\/p>\n<p>Editor:\u00a0 Terramar, Lisboa<\/p>\n<p>Idioma: Portugu\u00eas<\/p>\n<p>Dimens\u00f5es: 12 x 1.2 x 18<\/p>\n<p>Encaderna\u00e7\u00e3o: capa mole<\/p>\n<p>P\u00e1ginas: 198<\/p>\n","protected":false},"excerpt":{"rendered":"<p>ESTA ESCOLA P\u00d5E-ME DOIDO \u2013 Nat Hentoff Tradu\u00e7\u00e3o de Magda Viana Ano de edi\u00e7\u00e3o: 1998 Editor:\u00a0 Terramar, Lisboa Idioma: Portugu\u00eas Dimens\u00f5es: 12 x 1.2 x 18 Encaderna\u00e7\u00e3o: capa mole P\u00e1ginas: 198<\/p>\n","protected":false},"featured_media":5227,"comment_status":"open","ping_status":"closed","template":"","meta":{"om_disable_all_campaigns":false,"_monsterinsights_skip_tracking":false,"_monsterinsights_sitenote_active":false,"_monsterinsights_sitenote_note":"","_monsterinsights_sitenote_category":0,"_uf_show_specific_survey":0,"_uf_disable_surveys":false},"product_cat":[34],"product_tag":[],"aioseo_notices":[],"jetpack_sharing_enabled":true,"_links":{"self":[{"href":"https:\/\/casadolivreiro.pt\/index.php\/wp-json\/wp\/v2\/product\/5226"}],"collection":[{"href":"https:\/\/casadolivreiro.pt\/index.php\/wp-json\/wp\/v2\/product"}],"about":[{"href":"https:\/\/casadolivreiro.pt\/index.php\/wp-json\/wp\/v2\/types\/product"}],"replies":[{"embeddable":true,"href":"https:\/\/casadolivreiro.pt\/index.php\/wp-json\/wp\/v2\/comments?post=5226"}],"wp:featuredmedia":[{"embeddable":true,"href":"https:\/\/casadolivreiro.pt\/index.php\/wp-json\/wp\/v2\/media\/5227"}],"wp:attachment":[{"href":"https:\/\/casadolivreiro.pt\/index.php\/wp-json\/wp\/v2\/media?parent=5226"}],"wp:term":[{"taxonomy":"product_cat","embeddable":true,"href":"https:\/\/casadolivreiro.pt\/index.php\/wp-json\/wp\/v2\/product_cat?post=5226"},{"taxonomy":"product_tag","embeddable":true,"href":"https:\/\/casadolivreiro.pt\/index.php\/wp-json\/wp\/v2\/product_tag?post=5226"}],"curies":[{"name":"wp","href":"https:\/\/api.w.org\/{rel}","templated":true}]}}