{"id":5216,"date":"2025-04-27T23:18:12","date_gmt":"2025-04-27T23:18:12","guid":{"rendered":"https:\/\/casadolivreiro.pt\/?post_type=product&#038;p=5216"},"modified":"2025-04-27T23:18:12","modified_gmt":"2025-04-27T23:18:12","slug":"o-monstro-do-espaco-robert-a-heinlein","status":"publish","type":"product","link":"https:\/\/casadolivreiro.pt\/index.php\/product\/o-monstro-do-espaco-robert-a-heinlein\/","title":{"rendered":"O MONSTRO DO ESPA\u00c7O \u2013 Robert A. Heinlein"},"content":{"rendered":"<p>O MONSTRO DO ESPA\u00c7O \u2013 Robert A. Heinlein<\/p>\n<p>Colec\u00e7\u00e3o Fic\u00e7\u00e3o Cient\u00edfica #19<\/p>\n<p>Tradu\u00e7\u00e3o de In\u00eas Busse<\/p>\n<p>Ano de edi\u00e7\u00e3o:<\/p>\n<p>Editor:\u00a0 Europa_Am\u00e9rica<\/p>\n<p>Idioma: Portugu\u00eas<\/p>\n<p>Dimens\u00f5es: 11.5 x 1.4 x 18<\/p>\n<p>Encaderna\u00e7\u00e3o: capa mole<\/p>\n<p>P\u00e1ginas: 210<\/p>\n","protected":false},"excerpt":{"rendered":"<p>O MONSTRO DO ESPA\u00c7O \u2013 Robert A. Heinlein Colec\u00e7\u00e3o Fic\u00e7\u00e3o Cient\u00edfica #19 Tradu\u00e7\u00e3o de In\u00eas Busse Ano de edi\u00e7\u00e3o: Editor:\u00a0 Europa_Am\u00e9rica Idioma: Portugu\u00eas Dimens\u00f5es: 11.5 x 1.4 x 18 Encaderna\u00e7\u00e3o: capa mole P\u00e1ginas: 210<\/p>\n","protected":false},"featured_media":5217,"comment_status":"open","ping_status":"closed","template":"","meta":{"om_disable_all_campaigns":false,"_monsterinsights_skip_tracking":false,"_monsterinsights_sitenote_active":false,"_monsterinsights_sitenote_note":"","_monsterinsights_sitenote_category":0,"_uf_show_specific_survey":0,"_uf_disable_surveys":false},"product_cat":[34],"product_tag":[],"aioseo_notices":[],"jetpack_sharing_enabled":true,"_links":{"self":[{"href":"https:\/\/casadolivreiro.pt\/index.php\/wp-json\/wp\/v2\/product\/5216"}],"collection":[{"href":"https:\/\/casadolivreiro.pt\/index.php\/wp-json\/wp\/v2\/product"}],"about":[{"href":"https:\/\/casadolivreiro.pt\/index.php\/wp-json\/wp\/v2\/types\/product"}],"replies":[{"embeddable":true,"href":"https:\/\/casadolivreiro.pt\/index.php\/wp-json\/wp\/v2\/comments?post=5216"}],"wp:featuredmedia":[{"embeddable":true,"href":"https:\/\/casadolivreiro.pt\/index.php\/wp-json\/wp\/v2\/media\/5217"}],"wp:attachment":[{"href":"https:\/\/casadolivreiro.pt\/index.php\/wp-json\/wp\/v2\/media?parent=5216"}],"wp:term":[{"taxonomy":"product_cat","embeddable":true,"href":"https:\/\/casadolivreiro.pt\/index.php\/wp-json\/wp\/v2\/product_cat?post=5216"},{"taxonomy":"product_tag","embeddable":true,"href":"https:\/\/casadolivreiro.pt\/index.php\/wp-json\/wp\/v2\/product_tag?post=5216"}],"curies":[{"name":"wp","href":"https:\/\/api.w.org\/{rel}","templated":true}]}}