{"id":5214,"date":"2025-04-27T23:09:02","date_gmt":"2025-04-27T23:09:02","guid":{"rendered":"https:\/\/casadolivreiro.pt\/?post_type=product&#038;p=5214"},"modified":"2025-04-27T23:09:02","modified_gmt":"2025-04-27T23:09:02","slug":"o-contador-de-historias-fernando-galvao-santos","status":"publish","type":"product","link":"https:\/\/casadolivreiro.pt\/index.php\/product\/o-contador-de-historias-fernando-galvao-santos\/","title":{"rendered":"O CONTADOR DE HIST\u00d3RIAS \u2013 Fernando Galv\u00e3o Santos"},"content":{"rendered":"<p>O CONTADOR DE HIST\u00d3RIAS \u2013 Fernando Galv\u00e3o Santos<\/p>\n<p>Ano de edi\u00e7\u00e3o: 2011<\/p>\n<p>Editor:\u00a0 Fernando Galv\u00e3o Santos<\/p>\n<p>Idioma: Portugu\u00eas<\/p>\n<p>Dimens\u00f5es: 14.4 x 0.5 x 20.9<\/p>\n<p>Encaderna\u00e7\u00e3o: capa mole<\/p>\n<p>P\u00e1ginas: 75<\/p>\n","protected":false},"excerpt":{"rendered":"<p>O CONTADOR DE HIST\u00d3RIAS \u2013 Fernando Galv\u00e3o Santos Ano de edi\u00e7\u00e3o: 2011 Editor:\u00a0 Fernando Galv\u00e3o Santos Idioma: Portugu\u00eas Dimens\u00f5es: 14.4 x 0.5 x 20.9 Encaderna\u00e7\u00e3o: capa mole P\u00e1ginas: 75<\/p>\n","protected":false},"featured_media":5215,"comment_status":"open","ping_status":"closed","template":"","meta":{"om_disable_all_campaigns":false,"_monsterinsights_skip_tracking":false,"_monsterinsights_sitenote_active":false,"_monsterinsights_sitenote_note":"","_monsterinsights_sitenote_category":0,"_uf_show_specific_survey":0,"_uf_disable_surveys":false},"product_cat":[34,25],"product_tag":[],"aioseo_notices":[],"jetpack_sharing_enabled":true,"_links":{"self":[{"href":"https:\/\/casadolivreiro.pt\/index.php\/wp-json\/wp\/v2\/product\/5214"}],"collection":[{"href":"https:\/\/casadolivreiro.pt\/index.php\/wp-json\/wp\/v2\/product"}],"about":[{"href":"https:\/\/casadolivreiro.pt\/index.php\/wp-json\/wp\/v2\/types\/product"}],"replies":[{"embeddable":true,"href":"https:\/\/casadolivreiro.pt\/index.php\/wp-json\/wp\/v2\/comments?post=5214"}],"wp:featuredmedia":[{"embeddable":true,"href":"https:\/\/casadolivreiro.pt\/index.php\/wp-json\/wp\/v2\/media\/5215"}],"wp:attachment":[{"href":"https:\/\/casadolivreiro.pt\/index.php\/wp-json\/wp\/v2\/media?parent=5214"}],"wp:term":[{"taxonomy":"product_cat","embeddable":true,"href":"https:\/\/casadolivreiro.pt\/index.php\/wp-json\/wp\/v2\/product_cat?post=5214"},{"taxonomy":"product_tag","embeddable":true,"href":"https:\/\/casadolivreiro.pt\/index.php\/wp-json\/wp\/v2\/product_tag?post=5214"}],"curies":[{"name":"wp","href":"https:\/\/api.w.org\/{rel}","templated":true}]}}