{"id":5212,"date":"2025-04-27T23:02:06","date_gmt":"2025-04-27T23:02:06","guid":{"rendered":"https:\/\/casadolivreiro.pt\/?post_type=product&#038;p=5212"},"modified":"2025-04-27T23:02:06","modified_gmt":"2025-04-27T23:02:06","slug":"os-cinco-na-planicie-misteriosa-enid-blyton","status":"publish","type":"product","link":"https:\/\/casadolivreiro.pt\/index.php\/product\/os-cinco-na-planicie-misteriosa-enid-blyton\/","title":{"rendered":"OS CINCO NA PLAN\u00cdCIE MISTERIOSA \u2013 Enid Blyton"},"content":{"rendered":"<p>OS CINCO NA PLAN\u00cdCIE MISTERIOSA \u2013 Enid Blyton<\/p>\n<p>Colec\u00e7\u00e3o Os Cinco #13<\/p>\n<p>Tradu\u00e7\u00e3o de Maria da Gra\u00e7a Moctezuma<\/p>\n<p>Ano de edi\u00e7\u00e3o: 1992<\/p>\n<p>Editor:\u00a0 Circulo de Leitores<\/p>\n<p>Idioma: Portugu\u00eas<\/p>\n<p>Dimens\u00f5es: 11.5 x 1.4 x 17.8<\/p>\n<p>Encaderna\u00e7\u00e3o: capa mole<\/p>\n<p>P\u00e1ginas: 210<\/p>\n","protected":false},"excerpt":{"rendered":"<p>OS CINCO NA PLAN\u00cdCIE MISTERIOSA \u2013 Enid Blyton Colec\u00e7\u00e3o Os Cinco #13 Tradu\u00e7\u00e3o de Maria da Gra\u00e7a Moctezuma Ano de edi\u00e7\u00e3o: 1992 Editor:\u00a0 Circulo de Leitores Idioma: Portugu\u00eas Dimens\u00f5es: 11.5 x 1.4 x 17.8 Encaderna\u00e7\u00e3o: capa mole P\u00e1ginas: 210<\/p>\n","protected":false},"featured_media":5213,"comment_status":"open","ping_status":"closed","template":"","meta":{"om_disable_all_campaigns":false,"_monsterinsights_skip_tracking":false,"_monsterinsights_sitenote_active":false,"_monsterinsights_sitenote_note":"","_monsterinsights_sitenote_category":0,"_uf_show_specific_survey":0,"_uf_disable_surveys":false},"product_cat":[34],"product_tag":[],"aioseo_notices":[],"jetpack_sharing_enabled":true,"_links":{"self":[{"href":"https:\/\/casadolivreiro.pt\/index.php\/wp-json\/wp\/v2\/product\/5212"}],"collection":[{"href":"https:\/\/casadolivreiro.pt\/index.php\/wp-json\/wp\/v2\/product"}],"about":[{"href":"https:\/\/casadolivreiro.pt\/index.php\/wp-json\/wp\/v2\/types\/product"}],"replies":[{"embeddable":true,"href":"https:\/\/casadolivreiro.pt\/index.php\/wp-json\/wp\/v2\/comments?post=5212"}],"wp:featuredmedia":[{"embeddable":true,"href":"https:\/\/casadolivreiro.pt\/index.php\/wp-json\/wp\/v2\/media\/5213"}],"wp:attachment":[{"href":"https:\/\/casadolivreiro.pt\/index.php\/wp-json\/wp\/v2\/media?parent=5212"}],"wp:term":[{"taxonomy":"product_cat","embeddable":true,"href":"https:\/\/casadolivreiro.pt\/index.php\/wp-json\/wp\/v2\/product_cat?post=5212"},{"taxonomy":"product_tag","embeddable":true,"href":"https:\/\/casadolivreiro.pt\/index.php\/wp-json\/wp\/v2\/product_tag?post=5212"}],"curies":[{"name":"wp","href":"https:\/\/api.w.org\/{rel}","templated":true}]}}