{"id":521,"date":"2024-03-14T13:42:49","date_gmt":"2024-03-14T13:42:49","guid":{"rendered":"https:\/\/casadolivreiro.pt\/?post_type=product&#038;p=521"},"modified":"2024-03-14T13:42:49","modified_gmt":"2024-03-14T13:42:49","slug":"algarve-e-sul-de-portugal","status":"publish","type":"product","link":"https:\/\/casadolivreiro.pt\/index.php\/product\/algarve-e-sul-de-portugal\/","title":{"rendered":"ALGARVE E SUL DE PORTUGAL"},"content":{"rendered":"<p>ALGARVE E SUL DE PORTUGAL<br \/>\nAno de edi\u00e7\u00e3o: 1991<br \/>\nEditor: Sage Editora, Lisboa<br \/>\nIdioma: Portugu\u00eas<br \/>\nDimens\u00f5es: 14.5 x 0.8 x 23.5 cm<br \/>\nEncaderna\u00e7\u00e3o: Capa mole<br \/>\nP\u00e1ginas: 152<\/p>\n","protected":false},"excerpt":{"rendered":"<p>ALGARVE E SUL DE PORTUGAL Ano de edi\u00e7\u00e3o: 1991 Editor: Sage Editora, Lisboa Idioma: Portugu\u00eas Dimens\u00f5es: 14.5 x 0.8 x 23.5 cm Encaderna\u00e7\u00e3o: Capa mole P\u00e1ginas: 152<\/p>\n","protected":false},"featured_media":522,"comment_status":"open","ping_status":"closed","template":"","meta":{"om_disable_all_campaigns":false,"_monsterinsights_skip_tracking":false,"_monsterinsights_sitenote_active":false,"_monsterinsights_sitenote_note":"","_monsterinsights_sitenote_category":0,"_uf_show_specific_survey":0,"_uf_disable_surveys":false},"product_cat":[39],"product_tag":[],"aioseo_notices":[],"jetpack_sharing_enabled":true,"_links":{"self":[{"href":"https:\/\/casadolivreiro.pt\/index.php\/wp-json\/wp\/v2\/product\/521"}],"collection":[{"href":"https:\/\/casadolivreiro.pt\/index.php\/wp-json\/wp\/v2\/product"}],"about":[{"href":"https:\/\/casadolivreiro.pt\/index.php\/wp-json\/wp\/v2\/types\/product"}],"replies":[{"embeddable":true,"href":"https:\/\/casadolivreiro.pt\/index.php\/wp-json\/wp\/v2\/comments?post=521"}],"wp:featuredmedia":[{"embeddable":true,"href":"https:\/\/casadolivreiro.pt\/index.php\/wp-json\/wp\/v2\/media\/522"}],"wp:attachment":[{"href":"https:\/\/casadolivreiro.pt\/index.php\/wp-json\/wp\/v2\/media?parent=521"}],"wp:term":[{"taxonomy":"product_cat","embeddable":true,"href":"https:\/\/casadolivreiro.pt\/index.php\/wp-json\/wp\/v2\/product_cat?post=521"},{"taxonomy":"product_tag","embeddable":true,"href":"https:\/\/casadolivreiro.pt\/index.php\/wp-json\/wp\/v2\/product_tag?post=521"}],"curies":[{"name":"wp","href":"https:\/\/api.w.org\/{rel}","templated":true}]}}