{"id":5206,"date":"2025-04-27T22:08:56","date_gmt":"2025-04-27T22:08:56","guid":{"rendered":"https:\/\/casadolivreiro.pt\/?post_type=product&#038;p=5206"},"modified":"2025-04-27T22:08:56","modified_gmt":"2025-04-27T22:08:56","slug":"os-sete-o-clube-dos-sete-enid-blyton","status":"publish","type":"product","link":"https:\/\/casadolivreiro.pt\/index.php\/product\/os-sete-o-clube-dos-sete-enid-blyton\/","title":{"rendered":"OS SETE O CLUBE DOS SETE \u2013 Enid Blyton"},"content":{"rendered":"<p>OS SETE O CLUBE DOS SETE \u2013 Enid Blyton<\/p>\n<p>Colec\u00e7\u00e3o Mist\u00e9rio e Aventura #1<\/p>\n<p>Tradu\u00e7\u00e3o de Jorge Pinheiro<\/p>\n<p>Ano de edi\u00e7\u00e3o: 2003<\/p>\n<p>Editor:\u00a0 Edimpresa Editora<\/p>\n<p>Idioma: Portugu\u00eas<\/p>\n<p>Dimens\u00f5es: 12 x 0.9 x 18<\/p>\n<p>Encaderna\u00e7\u00e3o: capa mole<\/p>\n<p>P\u00e1ginas: 128<\/p>\n","protected":false},"excerpt":{"rendered":"<p>OS SETE O CLUBE DOS SETE \u2013 Enid Blyton Colec\u00e7\u00e3o Mist\u00e9rio e Aventura #1 Tradu\u00e7\u00e3o de Jorge Pinheiro Ano de edi\u00e7\u00e3o: 2003 Editor:\u00a0 Edimpresa Editora Idioma: Portugu\u00eas Dimens\u00f5es: 12 x 0.9 x 18 Encaderna\u00e7\u00e3o: capa mole P\u00e1ginas: 128<\/p>\n","protected":false},"featured_media":5207,"comment_status":"open","ping_status":"closed","template":"","meta":{"om_disable_all_campaigns":false,"_monsterinsights_skip_tracking":false,"_monsterinsights_sitenote_active":false,"_monsterinsights_sitenote_note":"","_monsterinsights_sitenote_category":0,"_uf_show_specific_survey":0,"_uf_disable_surveys":false},"product_cat":[34],"product_tag":[],"aioseo_notices":[],"jetpack_sharing_enabled":true,"_links":{"self":[{"href":"https:\/\/casadolivreiro.pt\/index.php\/wp-json\/wp\/v2\/product\/5206"}],"collection":[{"href":"https:\/\/casadolivreiro.pt\/index.php\/wp-json\/wp\/v2\/product"}],"about":[{"href":"https:\/\/casadolivreiro.pt\/index.php\/wp-json\/wp\/v2\/types\/product"}],"replies":[{"embeddable":true,"href":"https:\/\/casadolivreiro.pt\/index.php\/wp-json\/wp\/v2\/comments?post=5206"}],"wp:featuredmedia":[{"embeddable":true,"href":"https:\/\/casadolivreiro.pt\/index.php\/wp-json\/wp\/v2\/media\/5207"}],"wp:attachment":[{"href":"https:\/\/casadolivreiro.pt\/index.php\/wp-json\/wp\/v2\/media?parent=5206"}],"wp:term":[{"taxonomy":"product_cat","embeddable":true,"href":"https:\/\/casadolivreiro.pt\/index.php\/wp-json\/wp\/v2\/product_cat?post=5206"},{"taxonomy":"product_tag","embeddable":true,"href":"https:\/\/casadolivreiro.pt\/index.php\/wp-json\/wp\/v2\/product_tag?post=5206"}],"curies":[{"name":"wp","href":"https:\/\/api.w.org\/{rel}","templated":true}]}}