{"id":5194,"date":"2025-04-27T19:45:17","date_gmt":"2025-04-27T19:45:17","guid":{"rendered":"https:\/\/casadolivreiro.pt\/?post_type=product&#038;p=5194"},"modified":"2025-04-27T19:45:17","modified_gmt":"2025-04-27T19:45:17","slug":"os-quatro-abeis-no-rio-caim-damyela-rioma","status":"publish","type":"product","link":"https:\/\/casadolivreiro.pt\/index.php\/product\/os-quatro-abeis-no-rio-caim-damyela-rioma\/","title":{"rendered":"OS QUATRO: \u201cAB\u00c9IS\u201d NO RIO CAIM \u2013 Damyela Rioma"},"content":{"rendered":"<p>OS QUATRO: \u201cAB\u00c9IS\u201d NO RIO CAIM \u2013 Damyela Rioma<\/p>\n<p>Ano de edi\u00e7\u00e3o: 1982<\/p>\n<p>Editor:\u00a0 Ag\u00eancia Portuguesa de Revistas, Lisboa<\/p>\n<p>Idioma: Portugu\u00eas<\/p>\n<p>Dimens\u00f5es: 11 x 0.8 x 16.6<\/p>\n<p>Encaderna\u00e7\u00e3o: capa mole<\/p>\n<p>P\u00e1ginas: 128<\/p>\n","protected":false},"excerpt":{"rendered":"<p>OS QUATRO: \u201cAB\u00c9IS\u201d NO RIO CAIM \u2013 Damyela Rioma Ano de edi\u00e7\u00e3o: 1982 Editor:\u00a0 Ag\u00eancia Portuguesa de Revistas, Lisboa Idioma: Portugu\u00eas Dimens\u00f5es: 11 x 0.8 x 16.6 Encaderna\u00e7\u00e3o: capa mole P\u00e1ginas: 128<\/p>\n","protected":false},"featured_media":5195,"comment_status":"open","ping_status":"closed","template":"","meta":{"om_disable_all_campaigns":false,"_monsterinsights_skip_tracking":false,"_monsterinsights_sitenote_active":false,"_monsterinsights_sitenote_note":"","_monsterinsights_sitenote_category":0,"_uf_show_specific_survey":0,"_uf_disable_surveys":false},"product_cat":[34],"product_tag":[],"aioseo_notices":[],"jetpack_sharing_enabled":true,"_links":{"self":[{"href":"https:\/\/casadolivreiro.pt\/index.php\/wp-json\/wp\/v2\/product\/5194"}],"collection":[{"href":"https:\/\/casadolivreiro.pt\/index.php\/wp-json\/wp\/v2\/product"}],"about":[{"href":"https:\/\/casadolivreiro.pt\/index.php\/wp-json\/wp\/v2\/types\/product"}],"replies":[{"embeddable":true,"href":"https:\/\/casadolivreiro.pt\/index.php\/wp-json\/wp\/v2\/comments?post=5194"}],"wp:featuredmedia":[{"embeddable":true,"href":"https:\/\/casadolivreiro.pt\/index.php\/wp-json\/wp\/v2\/media\/5195"}],"wp:attachment":[{"href":"https:\/\/casadolivreiro.pt\/index.php\/wp-json\/wp\/v2\/media?parent=5194"}],"wp:term":[{"taxonomy":"product_cat","embeddable":true,"href":"https:\/\/casadolivreiro.pt\/index.php\/wp-json\/wp\/v2\/product_cat?post=5194"},{"taxonomy":"product_tag","embeddable":true,"href":"https:\/\/casadolivreiro.pt\/index.php\/wp-json\/wp\/v2\/product_tag?post=5194"}],"curies":[{"name":"wp","href":"https:\/\/api.w.org\/{rel}","templated":true}]}}