{"id":5192,"date":"2025-04-27T19:38:09","date_gmt":"2025-04-27T19:38:09","guid":{"rendered":"https:\/\/casadolivreiro.pt\/?post_type=product&#038;p=5192"},"modified":"2025-04-27T19:38:09","modified_gmt":"2025-04-27T19:38:09","slug":"os-hardy-em-accao-o-relogio-perigoso-franklin-w-dixon","status":"publish","type":"product","link":"https:\/\/casadolivreiro.pt\/index.php\/product\/os-hardy-em-accao-o-relogio-perigoso-franklin-w-dixon\/","title":{"rendered":"OS HARDY EM AC\u00c7\u00c3O: O REL\u00d3GIO PERIGOSO \u2013 Franklin W. Dixon"},"content":{"rendered":"<p>OS HARDY EM AC\u00c7\u00c3O: O REL\u00d3GIO PERIGOSO \u2013 Franklin W. Dixon<\/p>\n<p>Tradu\u00e7\u00e3o de Ana Maria Raba\u00e7a<\/p>\n<p>Ano de edi\u00e7\u00e3o: 1985, N.\u00ba 11<\/p>\n<p>Editor:\u00a0 Verbo, Lisboa<\/p>\n<p>Idioma: Portugu\u00eas<\/p>\n<p>Dimens\u00f5es: 13.2 x 1.6 x 18.8<\/p>\n<p>Encaderna\u00e7\u00e3o: capa mole<\/p>\n<p>P\u00e1ginas: 204<\/p>\n","protected":false},"excerpt":{"rendered":"<p>OS HARDY EM AC\u00c7\u00c3O: O REL\u00d3GIO PERIGOSO \u2013 Franklin W. Dixon Tradu\u00e7\u00e3o de Ana Maria Raba\u00e7a Ano de edi\u00e7\u00e3o: 1985, N.\u00ba 11 Editor:\u00a0 Verbo, Lisboa Idioma: Portugu\u00eas Dimens\u00f5es: 13.2 x 1.6 x 18.8 Encaderna\u00e7\u00e3o: capa mole P\u00e1ginas: 204<\/p>\n","protected":false},"featured_media":5193,"comment_status":"open","ping_status":"closed","template":"","meta":{"om_disable_all_campaigns":false,"_monsterinsights_skip_tracking":false,"_monsterinsights_sitenote_active":false,"_monsterinsights_sitenote_note":"","_monsterinsights_sitenote_category":0,"_uf_show_specific_survey":0,"_uf_disable_surveys":false},"product_cat":[34],"product_tag":[],"aioseo_notices":[],"jetpack_sharing_enabled":true,"_links":{"self":[{"href":"https:\/\/casadolivreiro.pt\/index.php\/wp-json\/wp\/v2\/product\/5192"}],"collection":[{"href":"https:\/\/casadolivreiro.pt\/index.php\/wp-json\/wp\/v2\/product"}],"about":[{"href":"https:\/\/casadolivreiro.pt\/index.php\/wp-json\/wp\/v2\/types\/product"}],"replies":[{"embeddable":true,"href":"https:\/\/casadolivreiro.pt\/index.php\/wp-json\/wp\/v2\/comments?post=5192"}],"wp:featuredmedia":[{"embeddable":true,"href":"https:\/\/casadolivreiro.pt\/index.php\/wp-json\/wp\/v2\/media\/5193"}],"wp:attachment":[{"href":"https:\/\/casadolivreiro.pt\/index.php\/wp-json\/wp\/v2\/media?parent=5192"}],"wp:term":[{"taxonomy":"product_cat","embeddable":true,"href":"https:\/\/casadolivreiro.pt\/index.php\/wp-json\/wp\/v2\/product_cat?post=5192"},{"taxonomy":"product_tag","embeddable":true,"href":"https:\/\/casadolivreiro.pt\/index.php\/wp-json\/wp\/v2\/product_tag?post=5192"}],"curies":[{"name":"wp","href":"https:\/\/api.w.org\/{rel}","templated":true}]}}