{"id":5188,"date":"2025-04-27T19:29:34","date_gmt":"2025-04-27T19:29:34","guid":{"rendered":"https:\/\/casadolivreiro.pt\/?post_type=product&#038;p=5188"},"modified":"2025-04-27T19:29:34","modified_gmt":"2025-04-27T19:29:34","slug":"uma-aventura-no-bosque-ana-maria-magalhaes-e-isabel-alcada","status":"publish","type":"product","link":"https:\/\/casadolivreiro.pt\/index.php\/product\/uma-aventura-no-bosque-ana-maria-magalhaes-e-isabel-alcada\/","title":{"rendered":"UMA AVENTURA NO BOSQUE \u2013 Ana Maria Magalh\u00e3es e Isabel Al\u00e7ada"},"content":{"rendered":"<p>UMA AVENTURA NO BOSQUE \u2013 Ana Maria Magalh\u00e3es e Isabel Al\u00e7ada<\/p>\n<p>Ano de edi\u00e7\u00e3o: 1990\u00a0 (8.\u00aa edi\u00e7\u00e3o)\u00a0 #5<\/p>\n<p>Editor:\u00a0 Editorial Caminho<\/p>\n<p>Idioma: Portugu\u00eas<\/p>\n<p>Dimens\u00f5es: 12 x 1 x 17.8<\/p>\n<p>Encaderna\u00e7\u00e3o: capa mole<\/p>\n<p>P\u00e1ginas: 184<\/p>\n","protected":false},"excerpt":{"rendered":"<p>UMA AVENTURA NO BOSQUE \u2013 Ana Maria Magalh\u00e3es e Isabel Al\u00e7ada Ano de edi\u00e7\u00e3o: 1990\u00a0 (8.\u00aa edi\u00e7\u00e3o)\u00a0 #5 Editor:\u00a0 Editorial Caminho Idioma: Portugu\u00eas Dimens\u00f5es: 12 x 1 x 17.8 Encaderna\u00e7\u00e3o: capa mole P\u00e1ginas: 184<\/p>\n","protected":false},"featured_media":5189,"comment_status":"open","ping_status":"closed","template":"","meta":{"om_disable_all_campaigns":false,"_monsterinsights_skip_tracking":false,"_monsterinsights_sitenote_active":false,"_monsterinsights_sitenote_note":"","_monsterinsights_sitenote_category":0,"_uf_show_specific_survey":0,"_uf_disable_surveys":false},"product_cat":[34],"product_tag":[],"aioseo_notices":[],"jetpack_sharing_enabled":true,"_links":{"self":[{"href":"https:\/\/casadolivreiro.pt\/index.php\/wp-json\/wp\/v2\/product\/5188"}],"collection":[{"href":"https:\/\/casadolivreiro.pt\/index.php\/wp-json\/wp\/v2\/product"}],"about":[{"href":"https:\/\/casadolivreiro.pt\/index.php\/wp-json\/wp\/v2\/types\/product"}],"replies":[{"embeddable":true,"href":"https:\/\/casadolivreiro.pt\/index.php\/wp-json\/wp\/v2\/comments?post=5188"}],"wp:featuredmedia":[{"embeddable":true,"href":"https:\/\/casadolivreiro.pt\/index.php\/wp-json\/wp\/v2\/media\/5189"}],"wp:attachment":[{"href":"https:\/\/casadolivreiro.pt\/index.php\/wp-json\/wp\/v2\/media?parent=5188"}],"wp:term":[{"taxonomy":"product_cat","embeddable":true,"href":"https:\/\/casadolivreiro.pt\/index.php\/wp-json\/wp\/v2\/product_cat?post=5188"},{"taxonomy":"product_tag","embeddable":true,"href":"https:\/\/casadolivreiro.pt\/index.php\/wp-json\/wp\/v2\/product_tag?post=5188"}],"curies":[{"name":"wp","href":"https:\/\/api.w.org\/{rel}","templated":true}]}}