{"id":5179,"date":"2025-04-25T17:57:12","date_gmt":"2025-04-25T17:57:12","guid":{"rendered":"https:\/\/casadolivreiro.pt\/?post_type=product&#038;p=5179"},"modified":"2025-04-25T17:57:12","modified_gmt":"2025-04-25T17:57:12","slug":"o-dia-do-terramoto-ana-maria-magalhaes-isabel-alcada","status":"publish","type":"product","link":"https:\/\/casadolivreiro.pt\/index.php\/product\/o-dia-do-terramoto-ana-maria-magalhaes-isabel-alcada\/","title":{"rendered":"O DIA DO TERRAMOTO \u2013 Ana Maria Magalh\u00e3es, Isabel Al\u00e7ada"},"content":{"rendered":"<p>O DIA DO TERRAMOTO \u2013 Ana Maria Magalh\u00e3es, Isabel Al\u00e7ada<\/p>\n<p>Colec\u00e7\u00e3o Viagens no Tempo #7<\/p>\n<p>Ano de edi\u00e7\u00e3o: 1989<\/p>\n<p>Editor:\u00a0 Editorial Caminho, Lisboa<\/p>\n<p>Idioma: Portugu\u00eas<\/p>\n<p>Dimens\u00f5es: 13 x 2 x 18.4<\/p>\n<p>Encaderna\u00e7\u00e3o: capa mole<\/p>\n<p>P\u00e1ginas: 303<\/p>\n","protected":false},"excerpt":{"rendered":"<p>O DIA DO TERRAMOTO \u2013 Ana Maria Magalh\u00e3es, Isabel Al\u00e7ada Colec\u00e7\u00e3o Viagens no Tempo #7 Ano de edi\u00e7\u00e3o: 1989 Editor:\u00a0 Editorial Caminho, Lisboa Idioma: Portugu\u00eas Dimens\u00f5es: 13 x 2 x 18.4 Encaderna\u00e7\u00e3o: capa mole P\u00e1ginas: 303<\/p>\n","protected":false},"featured_media":5180,"comment_status":"open","ping_status":"closed","template":"","meta":{"om_disable_all_campaigns":false,"_monsterinsights_skip_tracking":false,"_monsterinsights_sitenote_active":false,"_monsterinsights_sitenote_note":"","_monsterinsights_sitenote_category":0,"_uf_show_specific_survey":0,"_uf_disable_surveys":false},"product_cat":[34],"product_tag":[],"aioseo_notices":[],"jetpack_sharing_enabled":true,"_links":{"self":[{"href":"https:\/\/casadolivreiro.pt\/index.php\/wp-json\/wp\/v2\/product\/5179"}],"collection":[{"href":"https:\/\/casadolivreiro.pt\/index.php\/wp-json\/wp\/v2\/product"}],"about":[{"href":"https:\/\/casadolivreiro.pt\/index.php\/wp-json\/wp\/v2\/types\/product"}],"replies":[{"embeddable":true,"href":"https:\/\/casadolivreiro.pt\/index.php\/wp-json\/wp\/v2\/comments?post=5179"}],"wp:featuredmedia":[{"embeddable":true,"href":"https:\/\/casadolivreiro.pt\/index.php\/wp-json\/wp\/v2\/media\/5180"}],"wp:attachment":[{"href":"https:\/\/casadolivreiro.pt\/index.php\/wp-json\/wp\/v2\/media?parent=5179"}],"wp:term":[{"taxonomy":"product_cat","embeddable":true,"href":"https:\/\/casadolivreiro.pt\/index.php\/wp-json\/wp\/v2\/product_cat?post=5179"},{"taxonomy":"product_tag","embeddable":true,"href":"https:\/\/casadolivreiro.pt\/index.php\/wp-json\/wp\/v2\/product_tag?post=5179"}],"curies":[{"name":"wp","href":"https:\/\/api.w.org\/{rel}","templated":true}]}}