{"id":5175,"date":"2025-04-25T17:46:04","date_gmt":"2025-04-25T17:46:04","guid":{"rendered":"https:\/\/casadolivreiro.pt\/?post_type=product&#038;p=5175"},"modified":"2025-04-25T17:46:04","modified_gmt":"2025-04-25T17:46:04","slug":"o-bando-dos-quatro-um-crime-na-opera-joao-aguiar","status":"publish","type":"product","link":"https:\/\/casadolivreiro.pt\/index.php\/product\/o-bando-dos-quatro-um-crime-na-opera-joao-aguiar\/","title":{"rendered":"O BANDO DOS QUATRO: UM CRIME NA \u00d3PERA \u2013 Jo\u00e3o Aguiar"},"content":{"rendered":"<p>O BANDO DOS QUATRO: UM CRIME NA \u00d3PERA \u2013 Jo\u00e3o Aguiar<\/p>\n<p>Colec\u00e7\u00e3o O Bando dos Quatro #4<\/p>\n<p>Ano de edi\u00e7\u00e3o: 2007<\/p>\n<p>Editor:\u00a0 ASA<\/p>\n<p>Idioma: Portugu\u00eas<\/p>\n<p>Dimens\u00f5es: 11.9 x 1.3 x 18<\/p>\n<p>Encaderna\u00e7\u00e3o: capa mole<\/p>\n<p>P\u00e1ginas: 190<\/p>\n","protected":false},"excerpt":{"rendered":"<p>O BANDO DOS QUATRO: UM CRIME NA \u00d3PERA \u2013 Jo\u00e3o Aguiar Colec\u00e7\u00e3o O Bando dos Quatro #4 Ano de edi\u00e7\u00e3o: 2007 Editor:\u00a0 ASA Idioma: Portugu\u00eas Dimens\u00f5es: 11.9 x 1.3 x 18 Encaderna\u00e7\u00e3o: capa mole P\u00e1ginas: 190<\/p>\n","protected":false},"featured_media":5176,"comment_status":"open","ping_status":"closed","template":"","meta":{"om_disable_all_campaigns":false,"_monsterinsights_skip_tracking":false,"_monsterinsights_sitenote_active":false,"_monsterinsights_sitenote_note":"","_monsterinsights_sitenote_category":0,"_uf_show_specific_survey":0,"_uf_disable_surveys":false},"product_cat":[34],"product_tag":[],"aioseo_notices":[],"jetpack_sharing_enabled":true,"_links":{"self":[{"href":"https:\/\/casadolivreiro.pt\/index.php\/wp-json\/wp\/v2\/product\/5175"}],"collection":[{"href":"https:\/\/casadolivreiro.pt\/index.php\/wp-json\/wp\/v2\/product"}],"about":[{"href":"https:\/\/casadolivreiro.pt\/index.php\/wp-json\/wp\/v2\/types\/product"}],"replies":[{"embeddable":true,"href":"https:\/\/casadolivreiro.pt\/index.php\/wp-json\/wp\/v2\/comments?post=5175"}],"wp:featuredmedia":[{"embeddable":true,"href":"https:\/\/casadolivreiro.pt\/index.php\/wp-json\/wp\/v2\/media\/5176"}],"wp:attachment":[{"href":"https:\/\/casadolivreiro.pt\/index.php\/wp-json\/wp\/v2\/media?parent=5175"}],"wp:term":[{"taxonomy":"product_cat","embeddable":true,"href":"https:\/\/casadolivreiro.pt\/index.php\/wp-json\/wp\/v2\/product_cat?post=5175"},{"taxonomy":"product_tag","embeddable":true,"href":"https:\/\/casadolivreiro.pt\/index.php\/wp-json\/wp\/v2\/product_tag?post=5175"}],"curies":[{"name":"wp","href":"https:\/\/api.w.org\/{rel}","templated":true}]}}