{"id":5173,"date":"2025-04-25T17:38:51","date_gmt":"2025-04-25T17:38:51","guid":{"rendered":"https:\/\/casadolivreiro.pt\/?post_type=product&#038;p=5173"},"modified":"2025-04-25T17:38:51","modified_gmt":"2025-04-25T17:38:51","slug":"na-flor-da-idade-a-noiva-improvisada-volume-2-odette-joyeux","status":"publish","type":"product","link":"https:\/\/casadolivreiro.pt\/index.php\/product\/na-flor-da-idade-a-noiva-improvisada-volume-2-odette-joyeux\/","title":{"rendered":"NA FLOR DA IDADE: A Noiva Improvisada, Volume 2 \u2013 Odette Joyeux"},"content":{"rendered":"<p>NA FLOR DA IDADE: A Noiva Improvisada, Volume 2 \u2013 Odette Joyeux<\/p>\n<p>Colec\u00e7\u00e3o: Menina e Mo\u00e7a<\/p>\n<p>Tradu\u00e7\u00e3o de Maria do Carmo santos<\/p>\n<p>Ano de edi\u00e7\u00e3o: 1977<\/p>\n<p>Editor:\u00a0 Europa-Am\u00e9rica<\/p>\n<p>Idioma: Portugu\u00eas<\/p>\n<p>Dimens\u00f5es: 11.9 x 1.2 x 19.2<\/p>\n<p>Encaderna\u00e7\u00e3o: capa mole<\/p>\n<p>P\u00e1ginas: 166<\/p>\n","protected":false},"excerpt":{"rendered":"<p>NA FLOR DA IDADE: A Noiva Improvisada, Volume 2 \u2013 Odette Joyeux Colec\u00e7\u00e3o: Menina e Mo\u00e7a Tradu\u00e7\u00e3o de Maria do Carmo santos Ano de edi\u00e7\u00e3o: 1977 Editor:\u00a0 Europa-Am\u00e9rica Idioma: Portugu\u00eas Dimens\u00f5es: 11.9 x 1.2 x 19.2 Encaderna\u00e7\u00e3o: capa mole P\u00e1ginas: 166<\/p>\n","protected":false},"featured_media":5174,"comment_status":"open","ping_status":"closed","template":"","meta":{"om_disable_all_campaigns":false,"_monsterinsights_skip_tracking":false,"_monsterinsights_sitenote_active":false,"_monsterinsights_sitenote_note":"","_monsterinsights_sitenote_category":0,"_uf_show_specific_survey":0,"_uf_disable_surveys":false},"product_cat":[34],"product_tag":[],"aioseo_notices":[],"jetpack_sharing_enabled":true,"_links":{"self":[{"href":"https:\/\/casadolivreiro.pt\/index.php\/wp-json\/wp\/v2\/product\/5173"}],"collection":[{"href":"https:\/\/casadolivreiro.pt\/index.php\/wp-json\/wp\/v2\/product"}],"about":[{"href":"https:\/\/casadolivreiro.pt\/index.php\/wp-json\/wp\/v2\/types\/product"}],"replies":[{"embeddable":true,"href":"https:\/\/casadolivreiro.pt\/index.php\/wp-json\/wp\/v2\/comments?post=5173"}],"wp:featuredmedia":[{"embeddable":true,"href":"https:\/\/casadolivreiro.pt\/index.php\/wp-json\/wp\/v2\/media\/5174"}],"wp:attachment":[{"href":"https:\/\/casadolivreiro.pt\/index.php\/wp-json\/wp\/v2\/media?parent=5173"}],"wp:term":[{"taxonomy":"product_cat","embeddable":true,"href":"https:\/\/casadolivreiro.pt\/index.php\/wp-json\/wp\/v2\/product_cat?post=5173"},{"taxonomy":"product_tag","embeddable":true,"href":"https:\/\/casadolivreiro.pt\/index.php\/wp-json\/wp\/v2\/product_tag?post=5173"}],"curies":[{"name":"wp","href":"https:\/\/api.w.org\/{rel}","templated":true}]}}