{"id":5160,"date":"2025-04-24T22:28:18","date_gmt":"2025-04-24T22:28:18","guid":{"rendered":"https:\/\/casadolivreiro.pt\/?post_type=product&#038;p=5160"},"modified":"2025-04-24T22:28:18","modified_gmt":"2025-04-24T22:28:18","slug":"o-diamante-da-ilha-das-caraibas-mafalda-moutinho","status":"publish","type":"product","link":"https:\/\/casadolivreiro.pt\/index.php\/product\/o-diamante-da-ilha-das-caraibas-mafalda-moutinho\/","title":{"rendered":"O DIAMANTE DA ILHA DAS CARA\u00cdBAS \u2013 Mafalda Moutinho"},"content":{"rendered":"<p>O DIAMANTE DA ILHA DAS CARA\u00cdBAS \u2013 Mafalda Moutinho<\/p>\n<p>Colec\u00e7\u00e3o: Os Primos<\/p>\n<p>Ano de edi\u00e7\u00e3o: 2012<\/p>\n<p>Editor:\u00a0 Dom Quixote<\/p>\n<p>Idioma: Portugu\u00eas<\/p>\n<p>Dimens\u00f5es: 13 x 1.8 x 19.6<\/p>\n<p>Encaderna\u00e7\u00e3o: capa mole<\/p>\n<p>P\u00e1ginas: 246<\/p>\n","protected":false},"excerpt":{"rendered":"<p>O DIAMANTE DA ILHA DAS CARA\u00cdBAS \u2013 Mafalda Moutinho Colec\u00e7\u00e3o: Os Primos Ano de edi\u00e7\u00e3o: 2012 Editor:\u00a0 Dom Quixote Idioma: Portugu\u00eas Dimens\u00f5es: 13 x 1.8 x 19.6 Encaderna\u00e7\u00e3o: capa mole P\u00e1ginas: 246<\/p>\n","protected":false},"featured_media":5161,"comment_status":"open","ping_status":"closed","template":"","meta":{"om_disable_all_campaigns":false,"_monsterinsights_skip_tracking":false,"_monsterinsights_sitenote_active":false,"_monsterinsights_sitenote_note":"","_monsterinsights_sitenote_category":0,"_uf_show_specific_survey":0,"_uf_disable_surveys":false},"product_cat":[34],"product_tag":[],"aioseo_notices":[],"jetpack_sharing_enabled":true,"_links":{"self":[{"href":"https:\/\/casadolivreiro.pt\/index.php\/wp-json\/wp\/v2\/product\/5160"}],"collection":[{"href":"https:\/\/casadolivreiro.pt\/index.php\/wp-json\/wp\/v2\/product"}],"about":[{"href":"https:\/\/casadolivreiro.pt\/index.php\/wp-json\/wp\/v2\/types\/product"}],"replies":[{"embeddable":true,"href":"https:\/\/casadolivreiro.pt\/index.php\/wp-json\/wp\/v2\/comments?post=5160"}],"wp:featuredmedia":[{"embeddable":true,"href":"https:\/\/casadolivreiro.pt\/index.php\/wp-json\/wp\/v2\/media\/5161"}],"wp:attachment":[{"href":"https:\/\/casadolivreiro.pt\/index.php\/wp-json\/wp\/v2\/media?parent=5160"}],"wp:term":[{"taxonomy":"product_cat","embeddable":true,"href":"https:\/\/casadolivreiro.pt\/index.php\/wp-json\/wp\/v2\/product_cat?post=5160"},{"taxonomy":"product_tag","embeddable":true,"href":"https:\/\/casadolivreiro.pt\/index.php\/wp-json\/wp\/v2\/product_tag?post=5160"}],"curies":[{"name":"wp","href":"https:\/\/api.w.org\/{rel}","templated":true}]}}