{"id":5158,"date":"2025-04-24T22:06:08","date_gmt":"2025-04-24T22:06:08","guid":{"rendered":"https:\/\/casadolivreiro.pt\/?post_type=product&#038;p=5158"},"modified":"2025-04-24T22:06:08","modified_gmt":"2025-04-24T22:06:08","slug":"os-inqueritos-de-nancy-n-o-3-o-misterio-do-bangalo-carolyn-keene","status":"publish","type":"product","link":"https:\/\/casadolivreiro.pt\/index.php\/product\/os-inqueritos-de-nancy-n-o-3-o-misterio-do-bangalo-carolyn-keene\/","title":{"rendered":"OS INQU\u00c9RITOS DE NANCY N.\u00ba 3: O Mist\u00e9rio do Bangal\u00f3 \u2013 Carolyn Keene"},"content":{"rendered":"<p>OS INQU\u00c9RITOS DE NANCY N.\u00ba 3: O Mist\u00e9rio do Bangal\u00f3 \u2013 Carolyn Keene<\/p>\n<p>Tradu\u00e7\u00e3o de Maria de Lourdes Saraiva<\/p>\n<p>Ano de edi\u00e7\u00e3o: 1983<\/p>\n<p>Editor:\u00a0 Editorial Verbo<\/p>\n<p>Idioma: Portugu\u00eas<\/p>\n<p>Dimens\u00f5es: 13 x 1.7 x 19<\/p>\n<p>Encaderna\u00e7\u00e3o: capa mole<\/p>\n<p>P\u00e1ginas: 190<\/p>\n","protected":false},"excerpt":{"rendered":"<p>OS INQU\u00c9RITOS DE NANCY N.\u00ba 3: O Mist\u00e9rio do Bangal\u00f3 \u2013 Carolyn Keene Tradu\u00e7\u00e3o de Maria de Lourdes Saraiva Ano de edi\u00e7\u00e3o: 1983 Editor:\u00a0 Editorial Verbo Idioma: Portugu\u00eas Dimens\u00f5es: 13 x 1.7 x 19 Encaderna\u00e7\u00e3o: capa mole P\u00e1ginas: 190<\/p>\n","protected":false},"featured_media":5159,"comment_status":"open","ping_status":"closed","template":"","meta":{"om_disable_all_campaigns":false,"_monsterinsights_skip_tracking":false,"_monsterinsights_sitenote_active":false,"_monsterinsights_sitenote_note":"","_monsterinsights_sitenote_category":0,"_uf_show_specific_survey":0,"_uf_disable_surveys":false},"product_cat":[34],"product_tag":[],"aioseo_notices":[],"jetpack_sharing_enabled":true,"_links":{"self":[{"href":"https:\/\/casadolivreiro.pt\/index.php\/wp-json\/wp\/v2\/product\/5158"}],"collection":[{"href":"https:\/\/casadolivreiro.pt\/index.php\/wp-json\/wp\/v2\/product"}],"about":[{"href":"https:\/\/casadolivreiro.pt\/index.php\/wp-json\/wp\/v2\/types\/product"}],"replies":[{"embeddable":true,"href":"https:\/\/casadolivreiro.pt\/index.php\/wp-json\/wp\/v2\/comments?post=5158"}],"wp:featuredmedia":[{"embeddable":true,"href":"https:\/\/casadolivreiro.pt\/index.php\/wp-json\/wp\/v2\/media\/5159"}],"wp:attachment":[{"href":"https:\/\/casadolivreiro.pt\/index.php\/wp-json\/wp\/v2\/media?parent=5158"}],"wp:term":[{"taxonomy":"product_cat","embeddable":true,"href":"https:\/\/casadolivreiro.pt\/index.php\/wp-json\/wp\/v2\/product_cat?post=5158"},{"taxonomy":"product_tag","embeddable":true,"href":"https:\/\/casadolivreiro.pt\/index.php\/wp-json\/wp\/v2\/product_tag?post=5158"}],"curies":[{"name":"wp","href":"https:\/\/api.w.org\/{rel}","templated":true}]}}