{"id":5152,"date":"2025-04-24T21:42:34","date_gmt":"2025-04-24T21:42:34","guid":{"rendered":"https:\/\/casadolivreiro.pt\/?post_type=product&#038;p=5152"},"modified":"2025-04-24T21:42:34","modified_gmt":"2025-04-24T21:42:34","slug":"arrepios-o-fantasma-do-auditorio-r-l-stine","status":"publish","type":"product","link":"https:\/\/casadolivreiro.pt\/index.php\/product\/arrepios-o-fantasma-do-auditorio-r-l-stine\/","title":{"rendered":"ARREP\u00cdOS: O FANTASMA DO AUDIT\u00d3RIO \u2013 R.L. Stine"},"content":{"rendered":"<p>ARREP\u00cdOS: O FANTASMA DO AUDIT\u00d3RIO \u2013 R.L. Stine<\/p>\n<p>Tradu\u00e7\u00e3o de Carlos da Silva<\/p>\n<p>Ano de edi\u00e7\u00e3o: 1997<\/p>\n<p>Editor:\u00a0 Abril\/Controljornal Editora<\/p>\n<p>Idioma: Portugu\u00eas<\/p>\n<p>Dimens\u00f5es: 12.8 x 1 x 19<\/p>\n<p>Encaderna\u00e7\u00e3o: capa mole<\/p>\n<p>P\u00e1ginas: 126<\/p>\n","protected":false},"excerpt":{"rendered":"<p>ARREP\u00cdOS: O FANTASMA DO AUDIT\u00d3RIO \u2013 R.L. Stine Tradu\u00e7\u00e3o de Carlos da Silva Ano de edi\u00e7\u00e3o: 1997 Editor:\u00a0 Abril\/Controljornal Editora Idioma: Portugu\u00eas Dimens\u00f5es: 12.8 x 1 x 19 Encaderna\u00e7\u00e3o: capa mole P\u00e1ginas: 126<\/p>\n","protected":false},"featured_media":5153,"comment_status":"open","ping_status":"closed","template":"","meta":{"om_disable_all_campaigns":false,"_monsterinsights_skip_tracking":false,"_monsterinsights_sitenote_active":false,"_monsterinsights_sitenote_note":"","_monsterinsights_sitenote_category":0,"_uf_show_specific_survey":0,"_uf_disable_surveys":false},"product_cat":[34],"product_tag":[],"aioseo_notices":[],"jetpack_sharing_enabled":true,"_links":{"self":[{"href":"https:\/\/casadolivreiro.pt\/index.php\/wp-json\/wp\/v2\/product\/5152"}],"collection":[{"href":"https:\/\/casadolivreiro.pt\/index.php\/wp-json\/wp\/v2\/product"}],"about":[{"href":"https:\/\/casadolivreiro.pt\/index.php\/wp-json\/wp\/v2\/types\/product"}],"replies":[{"embeddable":true,"href":"https:\/\/casadolivreiro.pt\/index.php\/wp-json\/wp\/v2\/comments?post=5152"}],"wp:featuredmedia":[{"embeddable":true,"href":"https:\/\/casadolivreiro.pt\/index.php\/wp-json\/wp\/v2\/media\/5153"}],"wp:attachment":[{"href":"https:\/\/casadolivreiro.pt\/index.php\/wp-json\/wp\/v2\/media?parent=5152"}],"wp:term":[{"taxonomy":"product_cat","embeddable":true,"href":"https:\/\/casadolivreiro.pt\/index.php\/wp-json\/wp\/v2\/product_cat?post=5152"},{"taxonomy":"product_tag","embeddable":true,"href":"https:\/\/casadolivreiro.pt\/index.php\/wp-json\/wp\/v2\/product_tag?post=5152"}],"curies":[{"name":"wp","href":"https:\/\/api.w.org\/{rel}","templated":true}]}}