{"id":5148,"date":"2025-04-24T18:20:08","date_gmt":"2025-04-24T18:20:08","guid":{"rendered":"https:\/\/casadolivreiro.pt\/?post_type=product&#038;p=5148"},"modified":"2025-04-24T18:20:08","modified_gmt":"2025-04-24T18:20:08","slug":"varil-o-heroi-mario-castrim","status":"publish","type":"product","link":"https:\/\/casadolivreiro.pt\/index.php\/product\/varil-o-heroi-mario-castrim\/","title":{"rendered":"V\u00c1RIL, O HER\u00d3I \u2013 M\u00e1rio Castrim"},"content":{"rendered":"<p>V\u00c1RIL, O HER\u00d3I \u2013 M\u00e1rio Castrim<\/p>\n<p>Ano de edi\u00e7\u00e3o: 1994<\/p>\n<p>Editor:\u00a0 Editorial Caminho<\/p>\n<p>Idioma: Portugu\u00eas<\/p>\n<p>Dimens\u00f5es: 13 x 1 x 18.5<\/p>\n<p>Encaderna\u00e7\u00e3o: capa mole<\/p>\n<p>P\u00e1ginas: 135<\/p>\n","protected":false},"excerpt":{"rendered":"<p>V\u00c1RIL, O HER\u00d3I \u2013 M\u00e1rio Castrim Ano de edi\u00e7\u00e3o: 1994 Editor:\u00a0 Editorial Caminho Idioma: Portugu\u00eas Dimens\u00f5es: 13 x 1 x 18.5 Encaderna\u00e7\u00e3o: capa mole P\u00e1ginas: 135<\/p>\n","protected":false},"featured_media":5149,"comment_status":"open","ping_status":"closed","template":"","meta":{"om_disable_all_campaigns":false,"_monsterinsights_skip_tracking":false,"_monsterinsights_sitenote_active":false,"_monsterinsights_sitenote_note":"","_monsterinsights_sitenote_category":0,"_uf_show_specific_survey":0,"_uf_disable_surveys":false},"product_cat":[34],"product_tag":[],"aioseo_notices":[],"jetpack_sharing_enabled":true,"_links":{"self":[{"href":"https:\/\/casadolivreiro.pt\/index.php\/wp-json\/wp\/v2\/product\/5148"}],"collection":[{"href":"https:\/\/casadolivreiro.pt\/index.php\/wp-json\/wp\/v2\/product"}],"about":[{"href":"https:\/\/casadolivreiro.pt\/index.php\/wp-json\/wp\/v2\/types\/product"}],"replies":[{"embeddable":true,"href":"https:\/\/casadolivreiro.pt\/index.php\/wp-json\/wp\/v2\/comments?post=5148"}],"wp:featuredmedia":[{"embeddable":true,"href":"https:\/\/casadolivreiro.pt\/index.php\/wp-json\/wp\/v2\/media\/5149"}],"wp:attachment":[{"href":"https:\/\/casadolivreiro.pt\/index.php\/wp-json\/wp\/v2\/media?parent=5148"}],"wp:term":[{"taxonomy":"product_cat","embeddable":true,"href":"https:\/\/casadolivreiro.pt\/index.php\/wp-json\/wp\/v2\/product_cat?post=5148"},{"taxonomy":"product_tag","embeddable":true,"href":"https:\/\/casadolivreiro.pt\/index.php\/wp-json\/wp\/v2\/product_tag?post=5148"}],"curies":[{"name":"wp","href":"https:\/\/api.w.org\/{rel}","templated":true}]}}