{"id":5144,"date":"2025-04-24T18:04:06","date_gmt":"2025-04-24T18:04:06","guid":{"rendered":"https:\/\/casadolivreiro.pt\/?post_type=product&#038;p=5144"},"modified":"2025-04-24T18:04:06","modified_gmt":"2025-04-24T18:04:06","slug":"susana-no-colegio-marie-louise-fischer","status":"publish","type":"product","link":"https:\/\/casadolivreiro.pt\/index.php\/product\/susana-no-colegio-marie-louise-fischer\/","title":{"rendered":"SUSANA NO COL\u00c9GIO \u2013 Marie Louise Fischer"},"content":{"rendered":"<p>SUSANA NO COL\u00c9GIO \u2013 Marie Louise Fischer<\/p>\n<p>Tradu\u00e7\u00e3o de\u00a0 Ana Margarida de Carvalho<\/p>\n<p>Ano de edi\u00e7\u00e3o: 1983<\/p>\n<p>Editor:\u00a0 Verbo, Lisboa<\/p>\n<p>Idioma: Portugu\u00eas<\/p>\n<p>Dimens\u00f5es: 13 x 1.5 x 19<\/p>\n<p>Encaderna\u00e7\u00e3o: capa mole<\/p>\n<p>P\u00e1ginas: 169<\/p>\n","protected":false},"excerpt":{"rendered":"<p>SUSANA NO COL\u00c9GIO \u2013 Marie Louise Fischer Tradu\u00e7\u00e3o de\u00a0 Ana Margarida de Carvalho Ano de edi\u00e7\u00e3o: 1983 Editor:\u00a0 Verbo, Lisboa Idioma: Portugu\u00eas Dimens\u00f5es: 13 x 1.5 x 19 Encaderna\u00e7\u00e3o: capa mole P\u00e1ginas: 169<\/p>\n","protected":false},"featured_media":5145,"comment_status":"open","ping_status":"closed","template":"","meta":{"om_disable_all_campaigns":false,"_monsterinsights_skip_tracking":false,"_monsterinsights_sitenote_active":false,"_monsterinsights_sitenote_note":"","_monsterinsights_sitenote_category":0,"_uf_show_specific_survey":0,"_uf_disable_surveys":false},"product_cat":[34,26],"product_tag":[],"aioseo_notices":[],"jetpack_sharing_enabled":true,"_links":{"self":[{"href":"https:\/\/casadolivreiro.pt\/index.php\/wp-json\/wp\/v2\/product\/5144"}],"collection":[{"href":"https:\/\/casadolivreiro.pt\/index.php\/wp-json\/wp\/v2\/product"}],"about":[{"href":"https:\/\/casadolivreiro.pt\/index.php\/wp-json\/wp\/v2\/types\/product"}],"replies":[{"embeddable":true,"href":"https:\/\/casadolivreiro.pt\/index.php\/wp-json\/wp\/v2\/comments?post=5144"}],"wp:featuredmedia":[{"embeddable":true,"href":"https:\/\/casadolivreiro.pt\/index.php\/wp-json\/wp\/v2\/media\/5145"}],"wp:attachment":[{"href":"https:\/\/casadolivreiro.pt\/index.php\/wp-json\/wp\/v2\/media?parent=5144"}],"wp:term":[{"taxonomy":"product_cat","embeddable":true,"href":"https:\/\/casadolivreiro.pt\/index.php\/wp-json\/wp\/v2\/product_cat?post=5144"},{"taxonomy":"product_tag","embeddable":true,"href":"https:\/\/casadolivreiro.pt\/index.php\/wp-json\/wp\/v2\/product_tag?post=5144"}],"curies":[{"name":"wp","href":"https:\/\/api.w.org\/{rel}","templated":true}]}}