{"id":5142,"date":"2025-04-24T17:58:27","date_gmt":"2025-04-24T17:58:27","guid":{"rendered":"https:\/\/casadolivreiro.pt\/?post_type=product&#038;p=5142"},"modified":"2025-04-24T17:58:27","modified_gmt":"2025-04-24T17:58:27","slug":"o-cantico-de-natal-charles-dickens","status":"publish","type":"product","link":"https:\/\/casadolivreiro.pt\/index.php\/product\/o-cantico-de-natal-charles-dickens\/","title":{"rendered":"O C\u00c2NTICO DE NATAL \u2013 Charles Dickens"},"content":{"rendered":"<p>O C\u00c2NTICO DE NATAL \u2013 Charles Dickens<\/p>\n<p>Ano de edi\u00e7\u00e3o: 2010<\/p>\n<p>Editor:\u00a0 Padr\u00f5es Culturais Editora<\/p>\n<p>Idioma: Portugu\u00eas<\/p>\n<p>Dimens\u00f5es: 13.5 x 0.8 x 19.5<\/p>\n<p>Encaderna\u00e7\u00e3o: capa mole<\/p>\n<p>P\u00e1ginas: 119<\/p>\n","protected":false},"excerpt":{"rendered":"<p>O C\u00c2NTICO DE NATAL \u2013 Charles Dickens Ano de edi\u00e7\u00e3o: 2010 Editor:\u00a0 Padr\u00f5es Culturais Editora Idioma: Portugu\u00eas Dimens\u00f5es: 13.5 x 0.8 x 19.5 Encaderna\u00e7\u00e3o: capa mole P\u00e1ginas: 119<\/p>\n","protected":false},"featured_media":5143,"comment_status":"open","ping_status":"closed","template":"","meta":{"om_disable_all_campaigns":false,"_monsterinsights_skip_tracking":false,"_monsterinsights_sitenote_active":false,"_monsterinsights_sitenote_note":"","_monsterinsights_sitenote_category":0,"_uf_show_specific_survey":0,"_uf_disable_surveys":false},"product_cat":[33,34,26],"product_tag":[],"aioseo_notices":[],"jetpack_sharing_enabled":true,"_links":{"self":[{"href":"https:\/\/casadolivreiro.pt\/index.php\/wp-json\/wp\/v2\/product\/5142"}],"collection":[{"href":"https:\/\/casadolivreiro.pt\/index.php\/wp-json\/wp\/v2\/product"}],"about":[{"href":"https:\/\/casadolivreiro.pt\/index.php\/wp-json\/wp\/v2\/types\/product"}],"replies":[{"embeddable":true,"href":"https:\/\/casadolivreiro.pt\/index.php\/wp-json\/wp\/v2\/comments?post=5142"}],"wp:featuredmedia":[{"embeddable":true,"href":"https:\/\/casadolivreiro.pt\/index.php\/wp-json\/wp\/v2\/media\/5143"}],"wp:attachment":[{"href":"https:\/\/casadolivreiro.pt\/index.php\/wp-json\/wp\/v2\/media?parent=5142"}],"wp:term":[{"taxonomy":"product_cat","embeddable":true,"href":"https:\/\/casadolivreiro.pt\/index.php\/wp-json\/wp\/v2\/product_cat?post=5142"},{"taxonomy":"product_tag","embeddable":true,"href":"https:\/\/casadolivreiro.pt\/index.php\/wp-json\/wp\/v2\/product_tag?post=5142"}],"curies":[{"name":"wp","href":"https:\/\/api.w.org\/{rel}","templated":true}]}}