{"id":514,"date":"2024-03-14T13:31:11","date_gmt":"2024-03-14T13:31:11","guid":{"rendered":"https:\/\/casadolivreiro.pt\/?post_type=product&#038;p=514"},"modified":"2024-03-14T13:31:11","modified_gmt":"2024-03-14T13:31:11","slug":"independent-travellers-australia-the-budget-travel-guide-gareth-powell","status":"publish","type":"product","link":"https:\/\/casadolivreiro.pt\/index.php\/product\/independent-travellers-australia-the-budget-travel-guide-gareth-powell\/","title":{"rendered":"INDEPENDENT TRAVELLERS: AUSTRALIA: The Budget Travel Guide &#8211; Gareth Powell"},"content":{"rendered":"<p>INDEPENDENT TRAVELLERS: AUSTRALIA \u2013 The Budget Travel Guide<br \/>\nGareth Powell<br \/>\nISBN: 1 841573 71 X<br \/>\nAno de edi\u00e7\u00e3o: 2003<br \/>\nEditor: Thomas Cook Publishing, Peterborough, UK<br \/>\nIdioma: Ingl\u00eas<br \/>\nDimens\u00f5es: 13 x 2 x 18 cm<br \/>\nEncaderna\u00e7\u00e3o: Capa mole<br \/>\nP\u00e1ginas: 504<\/p>\n","protected":false},"excerpt":{"rendered":"<p>INDEPENDENT TRAVELLERS: AUSTRALIA \u2013 The Budget Travel Guide Gareth Powell ISBN: 1 841573 71 X Ano de edi\u00e7\u00e3o: 2003 Editor: Thomas Cook Publishing, Peterborough, UK Idioma: Ingl\u00eas Dimens\u00f5es: 13 x 2 x 18 cm Encaderna\u00e7\u00e3o: Capa mole P\u00e1ginas: 504<\/p>\n","protected":false},"featured_media":515,"comment_status":"open","ping_status":"closed","template":"","meta":{"om_disable_all_campaigns":false,"_monsterinsights_skip_tracking":false,"_monsterinsights_sitenote_active":false,"_monsterinsights_sitenote_note":"","_monsterinsights_sitenote_category":0,"_uf_show_specific_survey":0,"_uf_disable_surveys":false},"product_cat":[55,39],"product_tag":[],"aioseo_notices":[],"jetpack_sharing_enabled":true,"_links":{"self":[{"href":"https:\/\/casadolivreiro.pt\/index.php\/wp-json\/wp\/v2\/product\/514"}],"collection":[{"href":"https:\/\/casadolivreiro.pt\/index.php\/wp-json\/wp\/v2\/product"}],"about":[{"href":"https:\/\/casadolivreiro.pt\/index.php\/wp-json\/wp\/v2\/types\/product"}],"replies":[{"embeddable":true,"href":"https:\/\/casadolivreiro.pt\/index.php\/wp-json\/wp\/v2\/comments?post=514"}],"wp:featuredmedia":[{"embeddable":true,"href":"https:\/\/casadolivreiro.pt\/index.php\/wp-json\/wp\/v2\/media\/515"}],"wp:attachment":[{"href":"https:\/\/casadolivreiro.pt\/index.php\/wp-json\/wp\/v2\/media?parent=514"}],"wp:term":[{"taxonomy":"product_cat","embeddable":true,"href":"https:\/\/casadolivreiro.pt\/index.php\/wp-json\/wp\/v2\/product_cat?post=514"},{"taxonomy":"product_tag","embeddable":true,"href":"https:\/\/casadolivreiro.pt\/index.php\/wp-json\/wp\/v2\/product_tag?post=514"}],"curies":[{"name":"wp","href":"https:\/\/api.w.org\/{rel}","templated":true}]}}