{"id":5138,"date":"2025-04-24T17:44:53","date_gmt":"2025-04-24T17:44:53","guid":{"rendered":"https:\/\/casadolivreiro.pt\/?post_type=product&#038;p=5138"},"modified":"2025-04-24T17:44:53","modified_gmt":"2025-04-24T17:44:53","slug":"tanto-que-eu-nao-te-disse-marta-gautier","status":"publish","type":"product","link":"https:\/\/casadolivreiro.pt\/index.php\/product\/tanto-que-eu-nao-te-disse-marta-gautier\/","title":{"rendered":"TANTO QUE EU N\u00c3O TE DISSE \u2013 Marta Gautier"},"content":{"rendered":"<p>TANTO QUE EU N\u00c3O TE DISSE \u2013 Marta Gautier<\/p>\n<p>Ano de edi\u00e7\u00e3o: 2002<\/p>\n<p>Editor:\u00a0 Circulo de Leitores<\/p>\n<p>Idioma: Portugu\u00eas<\/p>\n<p>Dimens\u00f5es: 12.5 x 1.2 x 20.2<\/p>\n<p>Encaderna\u00e7\u00e3o: capa dure<\/p>\n<p>P\u00e1ginas: 149<\/p>\n","protected":false},"excerpt":{"rendered":"<p>TANTO QUE EU N\u00c3O TE DISSE \u2013 Marta Gautier Ano de edi\u00e7\u00e3o: 2002 Editor:\u00a0 Circulo de Leitores Idioma: Portugu\u00eas Dimens\u00f5es: 12.5 x 1.2 x 20.2 Encaderna\u00e7\u00e3o: capa dure P\u00e1ginas: 149<\/p>\n","protected":false},"featured_media":5139,"comment_status":"open","ping_status":"closed","template":"","meta":{"om_disable_all_campaigns":false,"_monsterinsights_skip_tracking":false,"_monsterinsights_sitenote_active":false,"_monsterinsights_sitenote_note":"","_monsterinsights_sitenote_category":0,"_uf_show_specific_survey":0,"_uf_disable_surveys":false},"product_cat":[25,37],"product_tag":[],"aioseo_notices":[],"jetpack_sharing_enabled":true,"_links":{"self":[{"href":"https:\/\/casadolivreiro.pt\/index.php\/wp-json\/wp\/v2\/product\/5138"}],"collection":[{"href":"https:\/\/casadolivreiro.pt\/index.php\/wp-json\/wp\/v2\/product"}],"about":[{"href":"https:\/\/casadolivreiro.pt\/index.php\/wp-json\/wp\/v2\/types\/product"}],"replies":[{"embeddable":true,"href":"https:\/\/casadolivreiro.pt\/index.php\/wp-json\/wp\/v2\/comments?post=5138"}],"wp:featuredmedia":[{"embeddable":true,"href":"https:\/\/casadolivreiro.pt\/index.php\/wp-json\/wp\/v2\/media\/5139"}],"wp:attachment":[{"href":"https:\/\/casadolivreiro.pt\/index.php\/wp-json\/wp\/v2\/media?parent=5138"}],"wp:term":[{"taxonomy":"product_cat","embeddable":true,"href":"https:\/\/casadolivreiro.pt\/index.php\/wp-json\/wp\/v2\/product_cat?post=5138"},{"taxonomy":"product_tag","embeddable":true,"href":"https:\/\/casadolivreiro.pt\/index.php\/wp-json\/wp\/v2\/product_tag?post=5138"}],"curies":[{"name":"wp","href":"https:\/\/api.w.org\/{rel}","templated":true}]}}