{"id":5136,"date":"2025-04-24T17:35:09","date_gmt":"2025-04-24T17:35:09","guid":{"rendered":"https:\/\/casadolivreiro.pt\/?post_type=product&#038;p=5136"},"modified":"2025-04-24T17:35:09","modified_gmt":"2025-04-24T17:35:09","slug":"meg-e-o-fantasma-de-hidden-springs-holly-beth-walker","status":"publish","type":"product","link":"https:\/\/casadolivreiro.pt\/index.php\/product\/meg-e-o-fantasma-de-hidden-springs-holly-beth-walker\/","title":{"rendered":"MEG E O FANTASMA DE HIDDEN SPRINGS \u2013 Holly Beth Walker"},"content":{"rendered":"<p>MEG E O FANTASMA DE HIDDEN SPRINGS \u2013 Holly Beth Walker<\/p>\n<p>Tradu\u00e7\u00e3o de Regina Sales<\/p>\n<p>Ano de edi\u00e7\u00e3o: 1984<\/p>\n<p>Editor:\u00a0 Editorial Verbo<\/p>\n<p>Idioma: Portugu\u00eas<\/p>\n<p>Dimens\u00f5es: 14.9 x 0.8 x 20.5<\/p>\n<p>Encaderna\u00e7\u00e3o: capa mole<\/p>\n<p>P\u00e1ginas: 103<\/p>\n","protected":false},"excerpt":{"rendered":"<p>MEG E O FANTASMA DE HIDDEN SPRINGS \u2013 Holly Beth Walker Tradu\u00e7\u00e3o de Regina Sales Ano de edi\u00e7\u00e3o: 1984 Editor:\u00a0 Editorial Verbo Idioma: Portugu\u00eas Dimens\u00f5es: 14.9 x 0.8 x 20.5 Encaderna\u00e7\u00e3o: capa mole P\u00e1ginas: 103<\/p>\n","protected":false},"featured_media":5137,"comment_status":"open","ping_status":"closed","template":"","meta":{"om_disable_all_campaigns":false,"_monsterinsights_skip_tracking":false,"_monsterinsights_sitenote_active":false,"_monsterinsights_sitenote_note":"","_monsterinsights_sitenote_category":0,"_uf_show_specific_survey":0,"_uf_disable_surveys":false},"product_cat":[34],"product_tag":[],"aioseo_notices":[],"jetpack_sharing_enabled":true,"_links":{"self":[{"href":"https:\/\/casadolivreiro.pt\/index.php\/wp-json\/wp\/v2\/product\/5136"}],"collection":[{"href":"https:\/\/casadolivreiro.pt\/index.php\/wp-json\/wp\/v2\/product"}],"about":[{"href":"https:\/\/casadolivreiro.pt\/index.php\/wp-json\/wp\/v2\/types\/product"}],"replies":[{"embeddable":true,"href":"https:\/\/casadolivreiro.pt\/index.php\/wp-json\/wp\/v2\/comments?post=5136"}],"wp:featuredmedia":[{"embeddable":true,"href":"https:\/\/casadolivreiro.pt\/index.php\/wp-json\/wp\/v2\/media\/5137"}],"wp:attachment":[{"href":"https:\/\/casadolivreiro.pt\/index.php\/wp-json\/wp\/v2\/media?parent=5136"}],"wp:term":[{"taxonomy":"product_cat","embeddable":true,"href":"https:\/\/casadolivreiro.pt\/index.php\/wp-json\/wp\/v2\/product_cat?post=5136"},{"taxonomy":"product_tag","embeddable":true,"href":"https:\/\/casadolivreiro.pt\/index.php\/wp-json\/wp\/v2\/product_tag?post=5136"}],"curies":[{"name":"wp","href":"https:\/\/api.w.org\/{rel}","templated":true}]}}