{"id":5126,"date":"2025-04-24T17:00:00","date_gmt":"2025-04-24T17:00:00","guid":{"rendered":"https:\/\/casadolivreiro.pt\/?post_type=product&#038;p=5126"},"modified":"2025-04-24T17:00:01","modified_gmt":"2025-04-24T17:00:01","slug":"a-patrulha-do-arctico-o-misterio-da-patrulha-do-arctico-franklin-w-dixon","status":"publish","type":"product","link":"https:\/\/casadolivreiro.pt\/index.php\/product\/a-patrulha-do-arctico-o-misterio-da-patrulha-do-arctico-franklin-w-dixon\/","title":{"rendered":"A PATRULHA DO \u00c1RCTICO (O MIST\u00c9RIO DA PATRULHA DO \u00c1RCTICO)  \u2013 Franklin W. Dixon"},"content":{"rendered":"<p>A PATRULHA DO \u00c1RCTICO (O MIST\u00c9RIO DA PATRULHA DO \u00c1RCTICO) \u00a0\u2013 Franklin W. Dixon<\/p>\n<p>Tradu\u00e7\u00e3o de Manuel Diniz<\/p>\n<p>Ano de edi\u00e7\u00e3o: 1970<\/p>\n<p>Editor:\u00a0 Editora Meridiano, Lisboa<\/p>\n<p>Idioma: Portugu\u00eas<\/p>\n<p>Dimens\u00f5es: 12.5 x 1.5 x 19<\/p>\n<p>Encaderna\u00e7\u00e3o: capa dura<\/p>\n<p>P\u00e1ginas: 201<\/p>\n","protected":false},"excerpt":{"rendered":"<p>A PATRULHA DO \u00c1RCTICO (O MIST\u00c9RIO DA PATRULHA DO \u00c1RCTICO) \u00a0\u2013 Franklin W. Dixon Tradu\u00e7\u00e3o de Manuel Diniz Ano de edi\u00e7\u00e3o: 1970 Editor:\u00a0 Editora Meridiano, Lisboa Idioma: Portugu\u00eas Dimens\u00f5es: 12.5 x 1.5 x 19 Encaderna\u00e7\u00e3o: capa dura P\u00e1ginas: 201<\/p>\n","protected":false},"featured_media":5127,"comment_status":"open","ping_status":"closed","template":"","meta":{"om_disable_all_campaigns":false,"_monsterinsights_skip_tracking":false,"_monsterinsights_sitenote_active":false,"_monsterinsights_sitenote_note":"","_monsterinsights_sitenote_category":0,"_uf_show_specific_survey":0,"_uf_disable_surveys":false},"product_cat":[34],"product_tag":[],"aioseo_notices":[],"jetpack_sharing_enabled":true,"_links":{"self":[{"href":"https:\/\/casadolivreiro.pt\/index.php\/wp-json\/wp\/v2\/product\/5126"}],"collection":[{"href":"https:\/\/casadolivreiro.pt\/index.php\/wp-json\/wp\/v2\/product"}],"about":[{"href":"https:\/\/casadolivreiro.pt\/index.php\/wp-json\/wp\/v2\/types\/product"}],"replies":[{"embeddable":true,"href":"https:\/\/casadolivreiro.pt\/index.php\/wp-json\/wp\/v2\/comments?post=5126"}],"wp:featuredmedia":[{"embeddable":true,"href":"https:\/\/casadolivreiro.pt\/index.php\/wp-json\/wp\/v2\/media\/5127"}],"wp:attachment":[{"href":"https:\/\/casadolivreiro.pt\/index.php\/wp-json\/wp\/v2\/media?parent=5126"}],"wp:term":[{"taxonomy":"product_cat","embeddable":true,"href":"https:\/\/casadolivreiro.pt\/index.php\/wp-json\/wp\/v2\/product_cat?post=5126"},{"taxonomy":"product_tag","embeddable":true,"href":"https:\/\/casadolivreiro.pt\/index.php\/wp-json\/wp\/v2\/product_tag?post=5126"}],"curies":[{"name":"wp","href":"https:\/\/api.w.org\/{rel}","templated":true}]}}