{"id":5122,"date":"2025-04-24T16:23:02","date_gmt":"2025-04-24T16:23:02","guid":{"rendered":"https:\/\/casadolivreiro.pt\/?post_type=product&#038;p=5122"},"modified":"2025-04-24T16:23:02","modified_gmt":"2025-04-24T16:23:02","slug":"respeita-te-a-ti-propria-se-a-tua-melhor-amiga-anita-naik","status":"publish","type":"product","link":"https:\/\/casadolivreiro.pt\/index.php\/product\/respeita-te-a-ti-propria-se-a-tua-melhor-amiga-anita-naik\/","title":{"rendered":"RESPEITA-TE A TI PR\u00d3PRIA: S\u00ea a tua melhor amiga \u2013 Anita Naik"},"content":{"rendered":"<p>RESPEITA-TE A TI PR\u00d3PRIA: S\u00ea a tua melhor amiga \u2013 Anita Naik<\/p>\n<p>Tradu\u00e7\u00e3o de In\u00eas Barroso<\/p>\n<p>Ano de edi\u00e7\u00e3o: 1998<\/p>\n<p>Editor:\u00a0 Gradiva<\/p>\n<p>Idioma: Portugu\u00eas<\/p>\n<p>Dimens\u00f5es: 13 x 1 x 20<\/p>\n<p>Encaderna\u00e7\u00e3o: capa mole<\/p>\n<p>P\u00e1ginas: 136<\/p>\n","protected":false},"excerpt":{"rendered":"<p>RESPEITA-TE A TI PR\u00d3PRIA: S\u00ea a tua melhor amiga \u2013 Anita Naik Tradu\u00e7\u00e3o de In\u00eas Barroso Ano de edi\u00e7\u00e3o: 1998 Editor:\u00a0 Gradiva Idioma: Portugu\u00eas Dimens\u00f5es: 13 x 1 x 20 Encaderna\u00e7\u00e3o: capa mole P\u00e1ginas: 136<\/p>\n","protected":false},"featured_media":5123,"comment_status":"open","ping_status":"closed","template":"","meta":{"om_disable_all_campaigns":false,"_monsterinsights_skip_tracking":false,"_monsterinsights_sitenote_active":false,"_monsterinsights_sitenote_note":"","_monsterinsights_sitenote_category":0,"_uf_show_specific_survey":0,"_uf_disable_surveys":false},"product_cat":[34],"product_tag":[],"aioseo_notices":[],"jetpack_sharing_enabled":true,"_links":{"self":[{"href":"https:\/\/casadolivreiro.pt\/index.php\/wp-json\/wp\/v2\/product\/5122"}],"collection":[{"href":"https:\/\/casadolivreiro.pt\/index.php\/wp-json\/wp\/v2\/product"}],"about":[{"href":"https:\/\/casadolivreiro.pt\/index.php\/wp-json\/wp\/v2\/types\/product"}],"replies":[{"embeddable":true,"href":"https:\/\/casadolivreiro.pt\/index.php\/wp-json\/wp\/v2\/comments?post=5122"}],"wp:featuredmedia":[{"embeddable":true,"href":"https:\/\/casadolivreiro.pt\/index.php\/wp-json\/wp\/v2\/media\/5123"}],"wp:attachment":[{"href":"https:\/\/casadolivreiro.pt\/index.php\/wp-json\/wp\/v2\/media?parent=5122"}],"wp:term":[{"taxonomy":"product_cat","embeddable":true,"href":"https:\/\/casadolivreiro.pt\/index.php\/wp-json\/wp\/v2\/product_cat?post=5122"},{"taxonomy":"product_tag","embeddable":true,"href":"https:\/\/casadolivreiro.pt\/index.php\/wp-json\/wp\/v2\/product_tag?post=5122"}],"curies":[{"name":"wp","href":"https:\/\/api.w.org\/{rel}","templated":true}]}}