{"id":5120,"date":"2025-04-24T16:18:18","date_gmt":"2025-04-24T16:18:18","guid":{"rendered":"https:\/\/casadolivreiro.pt\/?post_type=product&#038;p=5120"},"modified":"2025-04-24T16:18:18","modified_gmt":"2025-04-24T16:18:18","slug":"xeque-ao-luar-wolfgang-ecke","status":"publish","type":"product","link":"https:\/\/casadolivreiro.pt\/index.php\/product\/xeque-ao-luar-wolfgang-ecke\/","title":{"rendered":"XEQUE AO LUAR \u2013 Wolfgang Ecke"},"content":{"rendered":"<p>XEQUE AO LUAR \u2013 Wolfgang Ecke<\/p>\n<p>Colec\u00e7\u00e3o Clube do Jovem Detective<\/p>\n<p>Tradu\u00e7\u00e3o de Maria da Concei\u00e7\u00e3o Ribeiro da Costa<\/p>\n<p>Ano de edi\u00e7\u00e3o: 1981<\/p>\n<p>Editor:\u00a0 Editorial Verbo<\/p>\n<p>Idioma: Portugu\u00eas<\/p>\n<p>Dimens\u00f5es: 13.6 x 1.1 x 21<\/p>\n<p>Encaderna\u00e7\u00e3o: capa mole<\/p>\n<p>P\u00e1ginas: 134<\/p>\n","protected":false},"excerpt":{"rendered":"<p>XEQUE AO LUAR \u2013 Wolfgang Ecke Colec\u00e7\u00e3o Clube do Jovem Detective Tradu\u00e7\u00e3o de Maria da Concei\u00e7\u00e3o Ribeiro da Costa Ano de edi\u00e7\u00e3o: 1981 Editor:\u00a0 Editorial Verbo Idioma: Portugu\u00eas Dimens\u00f5es: 13.6 x 1.1 x 21 Encaderna\u00e7\u00e3o: capa mole P\u00e1ginas: 134<\/p>\n","protected":false},"featured_media":5121,"comment_status":"open","ping_status":"closed","template":"","meta":{"om_disable_all_campaigns":false,"_monsterinsights_skip_tracking":false,"_monsterinsights_sitenote_active":false,"_monsterinsights_sitenote_note":"","_monsterinsights_sitenote_category":0,"_uf_show_specific_survey":0,"_uf_disable_surveys":false},"product_cat":[34,44],"product_tag":[],"aioseo_notices":[],"jetpack_sharing_enabled":true,"_links":{"self":[{"href":"https:\/\/casadolivreiro.pt\/index.php\/wp-json\/wp\/v2\/product\/5120"}],"collection":[{"href":"https:\/\/casadolivreiro.pt\/index.php\/wp-json\/wp\/v2\/product"}],"about":[{"href":"https:\/\/casadolivreiro.pt\/index.php\/wp-json\/wp\/v2\/types\/product"}],"replies":[{"embeddable":true,"href":"https:\/\/casadolivreiro.pt\/index.php\/wp-json\/wp\/v2\/comments?post=5120"}],"wp:featuredmedia":[{"embeddable":true,"href":"https:\/\/casadolivreiro.pt\/index.php\/wp-json\/wp\/v2\/media\/5121"}],"wp:attachment":[{"href":"https:\/\/casadolivreiro.pt\/index.php\/wp-json\/wp\/v2\/media?parent=5120"}],"wp:term":[{"taxonomy":"product_cat","embeddable":true,"href":"https:\/\/casadolivreiro.pt\/index.php\/wp-json\/wp\/v2\/product_cat?post=5120"},{"taxonomy":"product_tag","embeddable":true,"href":"https:\/\/casadolivreiro.pt\/index.php\/wp-json\/wp\/v2\/product_tag?post=5120"}],"curies":[{"name":"wp","href":"https:\/\/api.w.org\/{rel}","templated":true}]}}