{"id":5113,"date":"2025-04-24T15:55:47","date_gmt":"2025-04-24T15:55:47","guid":{"rendered":"https:\/\/casadolivreiro.pt\/?post_type=product&#038;p=5113"},"modified":"2026-01-11T16:36:48","modified_gmt":"2026-01-11T16:36:48","slug":"a-familia-cherry-no-pais-dos-misterios-will-scott","status":"publish","type":"product","link":"https:\/\/casadolivreiro.pt\/index.php\/product\/a-familia-cherry-no-pais-dos-misterios-will-scott\/","title":{"rendered":"A FAM\u00cdLIA CHERRY: NO PAIS DOS MIST\u00c9RIOS \u2013 Will Scott"},"content":{"rendered":"<p>A FAM\u00cdLIA CHERRY: NO PAIS DOS MIST\u00c9RIOS \u2013 Will Scott<\/p>\n<p>Tradu\u00e7\u00e3o \u00a0de Paulo de Castilho<\/p>\n<p>Ano de edi\u00e7\u00e3o: 1969<\/p>\n<p>Editor:\u00a0 Editorial Est\u00fadios Cor. Lda.<\/p>\n<p>Idioma: Portugu\u00eas<\/p>\n<p>Dimens\u00f5es: 13.5 x 1.3 x 18.5<\/p>\n<p>Encaderna\u00e7\u00e3o: capa mole<\/p>\n<p>P\u00e1ginas: 159<\/p>\n","protected":false},"excerpt":{"rendered":"<p>A FAM\u00cdLIA CHERRY: NO PAIS DOS MIST\u00c9RIOS \u2013 Will Scott Tradu\u00e7\u00e3o \u00a0de Paulo de Castilho Ano de edi\u00e7\u00e3o: 1969 Editor:\u00a0 Editorial Est\u00fadios Cor. Lda. Idioma: Portugu\u00eas Dimens\u00f5es: 13.5 x 1.3 x 18.5 Encaderna\u00e7\u00e3o: capa mole P\u00e1ginas: 159<\/p>\n","protected":false},"featured_media":5114,"comment_status":"open","ping_status":"closed","template":"","meta":{"om_disable_all_campaigns":false,"_monsterinsights_skip_tracking":false,"_monsterinsights_sitenote_active":false,"_monsterinsights_sitenote_note":"","_monsterinsights_sitenote_category":0,"_uf_show_specific_survey":0,"_uf_disable_surveys":false},"product_cat":[34],"product_tag":[],"aioseo_notices":[],"jetpack_sharing_enabled":true,"_links":{"self":[{"href":"https:\/\/casadolivreiro.pt\/index.php\/wp-json\/wp\/v2\/product\/5113"}],"collection":[{"href":"https:\/\/casadolivreiro.pt\/index.php\/wp-json\/wp\/v2\/product"}],"about":[{"href":"https:\/\/casadolivreiro.pt\/index.php\/wp-json\/wp\/v2\/types\/product"}],"replies":[{"embeddable":true,"href":"https:\/\/casadolivreiro.pt\/index.php\/wp-json\/wp\/v2\/comments?post=5113"}],"wp:featuredmedia":[{"embeddable":true,"href":"https:\/\/casadolivreiro.pt\/index.php\/wp-json\/wp\/v2\/media\/5114"}],"wp:attachment":[{"href":"https:\/\/casadolivreiro.pt\/index.php\/wp-json\/wp\/v2\/media?parent=5113"}],"wp:term":[{"taxonomy":"product_cat","embeddable":true,"href":"https:\/\/casadolivreiro.pt\/index.php\/wp-json\/wp\/v2\/product_cat?post=5113"},{"taxonomy":"product_tag","embeddable":true,"href":"https:\/\/casadolivreiro.pt\/index.php\/wp-json\/wp\/v2\/product_tag?post=5113"}],"curies":[{"name":"wp","href":"https:\/\/api.w.org\/{rel}","templated":true}]}}