{"id":5111,"date":"2025-04-24T15:44:49","date_gmt":"2025-04-24T15:44:49","guid":{"rendered":"https:\/\/casadolivreiro.pt\/?post_type=product&#038;p=5111"},"modified":"2025-04-24T15:44:50","modified_gmt":"2025-04-24T15:44:50","slug":"15-historias-de-ferias-alphonse-daudet-charles-dickens-christian-grenier-julio-verne-e-outros","status":"publish","type":"product","link":"https:\/\/casadolivreiro.pt\/index.php\/product\/15-historias-de-ferias-alphonse-daudet-charles-dickens-christian-grenier-julio-verne-e-outros\/","title":{"rendered":"15 HIST\u00d3RIAS DE F\u00c9RIAS \u2013 Alphonse Daudet, Charles Dickens, Christian Grenier, J\u00falio Verne, e outros"},"content":{"rendered":"<p>15 HIST\u00d3RIAS DE F\u00c9RIAS \u2013 Alphonse Daudet, Charles Dickens, Christian Grenier, J\u00falio Verne, e outros<\/p>\n<p>Tradu\u00e7\u00e3o de Rui Viana Pereira<\/p>\n<p>S\u00e9rie 15, #41<\/p>\n<p>Ano de edi\u00e7\u00e3o: 1979<\/p>\n<p>Editor: Editorial Verbo<\/p>\n<p>Idioma: Portugu\u00eas<\/p>\n<p>Dimens\u00f5es: 14 x 2.3 x 21cm<\/p>\n<p>Encaderna\u00e7\u00e3o: Capa mole<\/p>\n<p>P\u00e1ginas: 239<\/p>\n","protected":false},"excerpt":{"rendered":"<p>15 HIST\u00d3RIAS DE F\u00c9RIAS \u2013 Alphonse Daudet, Charles Dickens, Christian Grenier, J\u00falio Verne, e outros Tradu\u00e7\u00e3o de Rui Viana Pereira S\u00e9rie 15, #41 Ano de edi\u00e7\u00e3o: 1979 Editor: Editorial Verbo Idioma: Portugu\u00eas Dimens\u00f5es: 14 x 2.3 x 21cm Encaderna\u00e7\u00e3o: Capa mole P\u00e1ginas: 239<\/p>\n","protected":false},"featured_media":5112,"comment_status":"open","ping_status":"closed","template":"","meta":{"om_disable_all_campaigns":false,"_monsterinsights_skip_tracking":false,"_monsterinsights_sitenote_active":false,"_monsterinsights_sitenote_note":"","_monsterinsights_sitenote_category":0,"_uf_show_specific_survey":0,"_uf_disable_surveys":false},"product_cat":[30,34,26],"product_tag":[],"aioseo_notices":[],"jetpack_sharing_enabled":true,"_links":{"self":[{"href":"https:\/\/casadolivreiro.pt\/index.php\/wp-json\/wp\/v2\/product\/5111"}],"collection":[{"href":"https:\/\/casadolivreiro.pt\/index.php\/wp-json\/wp\/v2\/product"}],"about":[{"href":"https:\/\/casadolivreiro.pt\/index.php\/wp-json\/wp\/v2\/types\/product"}],"replies":[{"embeddable":true,"href":"https:\/\/casadolivreiro.pt\/index.php\/wp-json\/wp\/v2\/comments?post=5111"}],"wp:featuredmedia":[{"embeddable":true,"href":"https:\/\/casadolivreiro.pt\/index.php\/wp-json\/wp\/v2\/media\/5112"}],"wp:attachment":[{"href":"https:\/\/casadolivreiro.pt\/index.php\/wp-json\/wp\/v2\/media?parent=5111"}],"wp:term":[{"taxonomy":"product_cat","embeddable":true,"href":"https:\/\/casadolivreiro.pt\/index.php\/wp-json\/wp\/v2\/product_cat?post=5111"},{"taxonomy":"product_tag","embeddable":true,"href":"https:\/\/casadolivreiro.pt\/index.php\/wp-json\/wp\/v2\/product_tag?post=5111"}],"curies":[{"name":"wp","href":"https:\/\/api.w.org\/{rel}","templated":true}]}}