{"id":510,"date":"2024-03-14T13:12:45","date_gmt":"2024-03-14T13:12:45","guid":{"rendered":"https:\/\/casadolivreiro.pt\/?post_type=product&#038;p=510"},"modified":"2024-03-14T13:13:22","modified_gmt":"2024-03-14T13:13:22","slug":"todo-lo-que-sucedio-com-miranda-huff-javier-castillo","status":"publish","type":"product","link":"https:\/\/casadolivreiro.pt\/index.php\/product\/todo-lo-que-sucedio-com-miranda-huff-javier-castillo\/","title":{"rendered":"TODO LO QUE SUCEDI\u00d3 COM MIRANDA HUFF &#8211; Javier Castillo"},"content":{"rendered":"<p>TODO LO QUE SUCEDI\u00d3 COM MIRANDA HUFF<br \/>\nJavier Castillo<br \/>\nISBN: 9788466376426<br \/>\nAno de edi\u00e7\u00e3o: 06-2024<br \/>\nEditor: NUEVAS EDICIONES DEBOLSILLO S.L<br \/>\nIdioma: Espanhol<br \/>\nDimens\u00f5es: 15 x 2.3 x 23 cm<br \/>\nEncaderna\u00e7\u00e3o: Capa mole<br \/>\nP\u00e1ginas: 440<\/p>\n<p>M\u00e1s de 2.500.000 de ejemplares vendidos. Javier Castillo, maestro del suspense, despliega su virtuosismo narrativo para profundizar en los misterios de lo cotidiano, all\u00ed donde permanecen ocultos los miedos m\u00e1s primarios.Una experiencia de lectura palpitante y en\u00e9rgica que corta la respiraci\u00f3n. \u00abJavier Castillo es sin duda el nuevo fen\u00f3meno de la literatura europea\u00bb.JO\u00cbL DICKER Un fin de semana en una caba\u00f1a en el bosque.Un matrimonio en crisis.Una misteriosa desaparici\u00f3n. \u00bfQu\u00e9 ha sucedido con Miranda Huff? Una pareja en crisis decide pasar un fin de semana de retiro en una caba\u00f1a en el bosque en Hidden Springs, pero cuando Ryan Huff llega para encontrarse con Miranda la puerta est\u00e1 abierta, hay dos copas de vino sobre la mesa, nadie en el interior y el cuarto de ba\u00f1o se encuentra lleno de sangre.Todo lo que sucedi\u00f3 con Miranda Huff es un thriller psicol\u00f3gico de ritmo vertiginoso donde parece imposible encontrar a Miranda con vida. Lo que Ryan desconoce es que la desaparici\u00f3n de su mujer conecta su historia con la de su mentor, el gran James Black, y con el descubrimiento del cad\u00e1ver de una mujer desaparecida treinta a\u00f1os atr\u00e1s en la misma zona.La cr\u00edtica ha dicho:\u00abUn thriller con tintes rom\u00e1nticos que te enganchar\u00e1 desde un primer momento\u00bb.Elle \u00abJavier Castillo vuelve a revolucionar el mercado editorial\u00bb.La Verdad \u00abEl Stephen King espa\u00f1ol\u00bb.ABC\u00abUn novel\u00f3n que bien podr\u00eda ser llevado a la pantalla\u00bb.La Petita Llibreria \u00abUn asombroso despliegue de recursos narrativos que son garantes de la calidad literaria de su autor\u00bb.Zenda Libros \u00abLa obra de Javier Castillo atrapar\u00e1 al lector desde el primer instante\u00bb.El Pa\u00eds \u00abTodo lo que sucedi\u00f3 con Miranda Huff es un thriller bastante bueno, con una historia bien creada y con sentido. Con unos personajes diferentes y un misterio que no puedes parar de leer hasta resolverlo\u00bb.Previous ly-books \u00ab\u00c9sta historia me ha parecido alucinante. Intercala cap\u00edtulos de muchos personajes y conocemos el pasado y el presente de cada uno de ellos\u00bb.Booksev erywhere \u00abEn un escenario donde las apariencias, el lujo, la fama, son lo m\u00e1s importante, en la meca del cine mundial donde tanto cuesta llegar pero a\u00fan m\u00e1s mantenerse, estos personajes se mueven entre momentos de luz y muchas sombras que mantienen ocultas; rencores, venganzas, resentimientos son los potentes motores que mover\u00e1n los hilos de la acci\u00f3n de la novela y sobre los que pensar\u00e1s tras acabarla\u00bb.Blo g de Sara lectora \u00abUna novela negra con todas las letras, introduce un poco de policiaca en el caso de las investigaciones y que nace desde la pasi\u00f3n por el mundo del cine\u00bb.Leo la lluvia caer\u00abTodo lo que sucedi\u00f3 con Miranda Huff es un gran primer acercamiento a este autor, una novela en la que nos mantenemos pegados desde el primer momento con la tensi\u00f3n, intriga y misterio de saber qu\u00e9 sucedi\u00f3 con Miranda\u00bb.Bitacora de mis lecturas \u00abEs una novelallena de tensi\u00f3n con giros incre\u00edbles. \u00c1gil de leer. Con un final que demuestra que no todo es lo que parece.\u00bbVera books<\/p>\n","protected":false},"excerpt":{"rendered":"<p>TODO LO QUE SUCEDI\u00d3 COM MIRANDA HUFF Javier Castillo ISBN: 9788466376426 Ano de edi\u00e7\u00e3o: 06-2024 Editor: NUEVAS EDICIONES DEBOLSILLO S.L Idioma: Espanhol Dimens\u00f5es: 15 x 2.3 x 23 cm Encaderna\u00e7\u00e3o: Capa mole P\u00e1ginas: 440 M\u00e1s de 2.500.000 de ejemplares vendidos. Javier Castillo, maestro del suspense, despliega su virtuosismo narrativo para profundizar en los misterios de [&hellip;]<\/p>\n","protected":false},"featured_media":511,"comment_status":"open","ping_status":"closed","template":"","meta":{"om_disable_all_campaigns":false,"_monsterinsights_skip_tracking":false,"_monsterinsights_sitenote_active":false,"_monsterinsights_sitenote_note":"","_monsterinsights_sitenote_category":0,"_uf_show_specific_survey":0,"_uf_disable_surveys":false},"product_cat":[57,44],"product_tag":[],"aioseo_notices":[],"jetpack_sharing_enabled":true,"_links":{"self":[{"href":"https:\/\/casadolivreiro.pt\/index.php\/wp-json\/wp\/v2\/product\/510"}],"collection":[{"href":"https:\/\/casadolivreiro.pt\/index.php\/wp-json\/wp\/v2\/product"}],"about":[{"href":"https:\/\/casadolivreiro.pt\/index.php\/wp-json\/wp\/v2\/types\/product"}],"replies":[{"embeddable":true,"href":"https:\/\/casadolivreiro.pt\/index.php\/wp-json\/wp\/v2\/comments?post=510"}],"wp:featuredmedia":[{"embeddable":true,"href":"https:\/\/casadolivreiro.pt\/index.php\/wp-json\/wp\/v2\/media\/511"}],"wp:attachment":[{"href":"https:\/\/casadolivreiro.pt\/index.php\/wp-json\/wp\/v2\/media?parent=510"}],"wp:term":[{"taxonomy":"product_cat","embeddable":true,"href":"https:\/\/casadolivreiro.pt\/index.php\/wp-json\/wp\/v2\/product_cat?post=510"},{"taxonomy":"product_tag","embeddable":true,"href":"https:\/\/casadolivreiro.pt\/index.php\/wp-json\/wp\/v2\/product_tag?post=510"}],"curies":[{"name":"wp","href":"https:\/\/api.w.org\/{rel}","templated":true}]}}