{"id":5092,"date":"2025-04-23T22:05:18","date_gmt":"2025-04-23T22:05:18","guid":{"rendered":"https:\/\/casadolivreiro.pt\/?post_type=product&#038;p=5092"},"modified":"2025-04-23T22:05:18","modified_gmt":"2025-04-23T22:05:18","slug":"langelot-e-os-sabotadores-tenente-x","status":"publish","type":"product","link":"https:\/\/casadolivreiro.pt\/index.php\/product\/langelot-e-os-sabotadores-tenente-x\/","title":{"rendered":"LANGELOT E OS SABOTADORES \u2013 Tenente X"},"content":{"rendered":"<p>LANGELOT E OS SABOTADORES \u2013 Tenente X<\/p>\n<p>Tradu\u00e7\u00e3o de Maria Viterbo Pita<\/p>\n<p>Ano de edi\u00e7\u00e3o: 1973<\/p>\n<p>Editor:\u00a0 Empresa Nacional de Publicidade<\/p>\n<p>Idioma: Portugu\u00eas<\/p>\n<p>Dimens\u00f5es: 11.5 x 1.6 x 16.5<\/p>\n<p>Encaderna\u00e7\u00e3o: capa mole<\/p>\n<p>P\u00e1ginas: 224<\/p>\n","protected":false},"excerpt":{"rendered":"<p>LANGELOT E OS SABOTADORES \u2013 Tenente X Tradu\u00e7\u00e3o de Maria Viterbo Pita Ano de edi\u00e7\u00e3o: 1973 Editor:\u00a0 Empresa Nacional de Publicidade Idioma: Portugu\u00eas Dimens\u00f5es: 11.5 x 1.6 x 16.5 Encaderna\u00e7\u00e3o: capa mole P\u00e1ginas: 224<\/p>\n","protected":false},"featured_media":5093,"comment_status":"open","ping_status":"closed","template":"","meta":{"om_disable_all_campaigns":false,"_monsterinsights_skip_tracking":false,"_monsterinsights_sitenote_active":false,"_monsterinsights_sitenote_note":"","_monsterinsights_sitenote_category":0,"_uf_show_specific_survey":0,"_uf_disable_surveys":false},"product_cat":[34],"product_tag":[],"aioseo_notices":[],"jetpack_sharing_enabled":true,"_links":{"self":[{"href":"https:\/\/casadolivreiro.pt\/index.php\/wp-json\/wp\/v2\/product\/5092"}],"collection":[{"href":"https:\/\/casadolivreiro.pt\/index.php\/wp-json\/wp\/v2\/product"}],"about":[{"href":"https:\/\/casadolivreiro.pt\/index.php\/wp-json\/wp\/v2\/types\/product"}],"replies":[{"embeddable":true,"href":"https:\/\/casadolivreiro.pt\/index.php\/wp-json\/wp\/v2\/comments?post=5092"}],"wp:featuredmedia":[{"embeddable":true,"href":"https:\/\/casadolivreiro.pt\/index.php\/wp-json\/wp\/v2\/media\/5093"}],"wp:attachment":[{"href":"https:\/\/casadolivreiro.pt\/index.php\/wp-json\/wp\/v2\/media?parent=5092"}],"wp:term":[{"taxonomy":"product_cat","embeddable":true,"href":"https:\/\/casadolivreiro.pt\/index.php\/wp-json\/wp\/v2\/product_cat?post=5092"},{"taxonomy":"product_tag","embeddable":true,"href":"https:\/\/casadolivreiro.pt\/index.php\/wp-json\/wp\/v2\/product_tag?post=5092"}],"curies":[{"name":"wp","href":"https:\/\/api.w.org\/{rel}","templated":true}]}}