{"id":5085,"date":"2025-04-23T18:56:55","date_gmt":"2025-04-23T18:56:55","guid":{"rendered":"https:\/\/casadolivreiro.pt\/?post_type=product&#038;p=5085"},"modified":"2025-04-23T18:56:55","modified_gmt":"2025-04-23T18:56:55","slug":"o-planeta-desconhecido-rene-guillot","status":"publish","type":"product","link":"https:\/\/casadolivreiro.pt\/index.php\/product\/o-planeta-desconhecido-rene-guillot\/","title":{"rendered":"O PLANETA DESCONHECIDO \u2013 Ren\u00e9 Guillot"},"content":{"rendered":"<p>O PLANETA DESCONHECIDO \u2013 Ren\u00e9 Guillot<\/p>\n<p>Colec\u00e7\u00e3o Juventude<\/p>\n<p>Tradu\u00e7\u00e3o de Maria Am\u00e9lia B\u00e1rcia<\/p>\n<p>Ano de edi\u00e7\u00e3o: 1966<\/p>\n<p>Editor:\u00a0 Empresa Nacional de Publicidade<\/p>\n<p>Idioma: Portugu\u00eas<\/p>\n<p>Dimens\u00f5es: 11.7 x 1.5 x 16.5<\/p>\n<p>Encaderna\u00e7\u00e3o: capa mole<\/p>\n<p>P\u00e1ginas: 183<\/p>\n","protected":false},"excerpt":{"rendered":"<p>O PLANETA DESCONHECIDO \u2013 Ren\u00e9 Guillot Colec\u00e7\u00e3o Juventude Tradu\u00e7\u00e3o de Maria Am\u00e9lia B\u00e1rcia Ano de edi\u00e7\u00e3o: 1966 Editor:\u00a0 Empresa Nacional de Publicidade Idioma: Portugu\u00eas Dimens\u00f5es: 11.7 x 1.5 x 16.5 Encaderna\u00e7\u00e3o: capa mole P\u00e1ginas: 183<\/p>\n","protected":false},"featured_media":5086,"comment_status":"open","ping_status":"closed","template":"","meta":{"om_disable_all_campaigns":false,"_monsterinsights_skip_tracking":false,"_monsterinsights_sitenote_active":false,"_monsterinsights_sitenote_note":"","_monsterinsights_sitenote_category":0,"_uf_show_specific_survey":0,"_uf_disable_surveys":false},"product_cat":[34],"product_tag":[],"aioseo_notices":[],"jetpack_sharing_enabled":true,"_links":{"self":[{"href":"https:\/\/casadolivreiro.pt\/index.php\/wp-json\/wp\/v2\/product\/5085"}],"collection":[{"href":"https:\/\/casadolivreiro.pt\/index.php\/wp-json\/wp\/v2\/product"}],"about":[{"href":"https:\/\/casadolivreiro.pt\/index.php\/wp-json\/wp\/v2\/types\/product"}],"replies":[{"embeddable":true,"href":"https:\/\/casadolivreiro.pt\/index.php\/wp-json\/wp\/v2\/comments?post=5085"}],"wp:featuredmedia":[{"embeddable":true,"href":"https:\/\/casadolivreiro.pt\/index.php\/wp-json\/wp\/v2\/media\/5086"}],"wp:attachment":[{"href":"https:\/\/casadolivreiro.pt\/index.php\/wp-json\/wp\/v2\/media?parent=5085"}],"wp:term":[{"taxonomy":"product_cat","embeddable":true,"href":"https:\/\/casadolivreiro.pt\/index.php\/wp-json\/wp\/v2\/product_cat?post=5085"},{"taxonomy":"product_tag","embeddable":true,"href":"https:\/\/casadolivreiro.pt\/index.php\/wp-json\/wp\/v2\/product_tag?post=5085"}],"curies":[{"name":"wp","href":"https:\/\/api.w.org\/{rel}","templated":true}]}}