{"id":508,"date":"2024-03-14T13:03:38","date_gmt":"2024-03-14T13:03:38","guid":{"rendered":"https:\/\/casadolivreiro.pt\/?post_type=product&#038;p=508"},"modified":"2024-03-14T13:03:38","modified_gmt":"2024-03-14T13:03:38","slug":"el-secreto-del-valor-geronimo-stilton","status":"publish","type":"product","link":"https:\/\/casadolivreiro.pt\/index.php\/product\/el-secreto-del-valor-geronimo-stilton\/","title":{"rendered":"EL SECRETO DEL VALOR &#8211; Geronimo Stilton"},"content":{"rendered":"<p>EL SECRETO DEL VALOR<br \/>\nGeronimo Stilton<br \/>\nPrimeira edi\u00e7\u00e3o<br \/>\nISBN: 978-84-08-11138-2<br \/>\nEditor: Planeta (Destino)<br \/>\nData de Lan\u00e7amento: 2012<br \/>\nIdioma:\u00a0 Espanhol<br \/>\nDimens\u00f5es: 13 x 3 x 19.8 cm<br \/>\nEncaderna\u00e7\u00e3o: Capa dura<br \/>\nP\u00e1ginas: 392<\/p>\n","protected":false},"excerpt":{"rendered":"<p>EL SECRETO DEL VALOR Geronimo Stilton Primeira edi\u00e7\u00e3o ISBN: 978-84-08-11138-2 Editor: Planeta (Destino) Data de Lan\u00e7amento: 2012 Idioma:\u00a0 Espanhol Dimens\u00f5es: 13 x 3 x 19.8 cm Encaderna\u00e7\u00e3o: Capa dura P\u00e1ginas: 392<\/p>\n","protected":false},"featured_media":509,"comment_status":"open","ping_status":"closed","template":"","meta":{"om_disable_all_campaigns":false,"_monsterinsights_skip_tracking":false,"_monsterinsights_sitenote_active":false,"_monsterinsights_sitenote_note":"","_monsterinsights_sitenote_category":0,"_uf_show_specific_survey":0,"_uf_disable_surveys":false},"product_cat":[35,34,57],"product_tag":[],"aioseo_notices":[],"jetpack_sharing_enabled":true,"_links":{"self":[{"href":"https:\/\/casadolivreiro.pt\/index.php\/wp-json\/wp\/v2\/product\/508"}],"collection":[{"href":"https:\/\/casadolivreiro.pt\/index.php\/wp-json\/wp\/v2\/product"}],"about":[{"href":"https:\/\/casadolivreiro.pt\/index.php\/wp-json\/wp\/v2\/types\/product"}],"replies":[{"embeddable":true,"href":"https:\/\/casadolivreiro.pt\/index.php\/wp-json\/wp\/v2\/comments?post=508"}],"wp:featuredmedia":[{"embeddable":true,"href":"https:\/\/casadolivreiro.pt\/index.php\/wp-json\/wp\/v2\/media\/509"}],"wp:attachment":[{"href":"https:\/\/casadolivreiro.pt\/index.php\/wp-json\/wp\/v2\/media?parent=508"}],"wp:term":[{"taxonomy":"product_cat","embeddable":true,"href":"https:\/\/casadolivreiro.pt\/index.php\/wp-json\/wp\/v2\/product_cat?post=508"},{"taxonomy":"product_tag","embeddable":true,"href":"https:\/\/casadolivreiro.pt\/index.php\/wp-json\/wp\/v2\/product_tag?post=508"}],"curies":[{"name":"wp","href":"https:\/\/api.w.org\/{rel}","templated":true}]}}